{"id":492,"date":"2024-03-28T00:18:05","date_gmt":"2024-03-28T00:18:05","guid":{"rendered":"http:\/\/turkakim.com.tr\/?page_id=492"},"modified":"2024-04-06T16:08:32","modified_gmt":"2024-04-06T16:08:32","slug":"documents","status":"publish","type":"page","link":"https:\/\/turkakim.com.tr\/ru\/documents\/","title":{"rendered":"\u0414\u041e\u041a\u0423\u041c\u0415\u041d\u0422\u042b"},"content":{"rendered":"<div ><style>#sp-ea-673 .spcollapsing { height: 0; overflow: hidden; transition-property: height;transition-duration: 300ms;}#sp-ea-673.sp-easy-accordion>.sp-ea-single {margin-bottom: 10px; border: 1px solid #e2e2e2; }#sp-ea-673.sp-easy-accordion>.sp-ea-single>.ea-header a {color: #444;}#sp-ea-673.sp-easy-accordion>.sp-ea-single>.sp-collapse>.ea-body {background: #fff; color: #444;}#sp-ea-673.sp-easy-accordion>.sp-ea-single {background: #eee;}#sp-ea-673.sp-easy-accordion>.sp-ea-single>.ea-header a .ea-expand-icon { float: left; color: #444;font-size: 16px;}<\/style><div id=\"sp_easy_accordion-1711679170\">\n<div id=\"sp-ea-673\" class=\"sp-ea-one sp-easy-accordion\" data-ea-active=\"ea-click\" data-ea-mode=\"vertical\" data-preloader=\"\" data-scroll-active-item=\"\" data-offset-to-scroll=\"0\">\n\n<!-- Start accordion card div. -->\n<div class=\"ea-card ea-expand sp-ea-single\">\n\t<!-- Start accordion header. -->\n\t<h3 class=\"ea-header\">\n\t\t<!-- Add anchor tag for header. -->\n\t\t<a class=\"collapsed\" id=\"ea-header-6730\" role=\"button\" data-sptoggle=\"spcollapse\" data-sptarget=\"#collapse6730\" aria-controls=\"collapse6730\" href=\"#\"  aria-expanded=\"true\" tabindex=\"0\">\n\t\t<i aria-hidden=\"true\" role=\"presentation\" class=\"ea-expand-icon eap-icon-ea-expand-minus\"><\/i> \u0418\u043d\u0444\u043e\u0440\u043c\u0430\u0446\u0438\u044f \u043e \u043a\u043e\u043c\u043f\u0430\u043d\u0438\u0438\t\t<\/a> <!-- Close anchor tag for header. -->\n\t<\/h3>\t<!-- Close header tag. -->\n\t<!-- Start collapsible content div. -->\n\t<div class=\"sp-collapse spcollapse collapsed show\" id=\"collapse6730\" data-parent=\"#sp-ea-673\" role=\"region\" aria-labelledby=\"ea-header-6730\">  <!-- Content div. -->\n\t\t<div class=\"ea-body\">\n\t\t<p><a href=\"http:\/\/turkakim.com.tr\/wp-content\/uploads\/2025\/09\/Sirket-Bilgileri-1.pdf\">Sirket-Bilgileri <\/a><\/p>\n\t\t<\/div> <!-- Close content div. -->\n\t<\/div> <!-- Close collapse div. -->\n<\/div> <!-- Close card div. -->\n<!-- Start accordion card div. -->\n<div class=\"ea-card  sp-ea-single\">\n\t<!-- Start accordion header. -->\n\t<h3 class=\"ea-header\">\n\t\t<!-- Add anchor tag for header. -->\n\t\t<a class=\"collapsed\" id=\"ea-header-6731\" role=\"button\" data-sptoggle=\"spcollapse\" data-sptarget=\"#collapse6731\" aria-controls=\"collapse6731\" href=\"#\"  aria-expanded=\"false\" tabindex=\"0\">\n\t\t<i aria-hidden=\"true\" role=\"presentation\" class=\"ea-expand-icon eap-icon-ea-expand-plus\"><\/i> Establishment\t\t<\/a> <!-- Close anchor tag for header. -->\n\t<\/h3>\t<!-- Close header tag. -->\n\t<!-- Start collapsible content div. -->\n\t<div class=\"sp-collapse spcollapse\" id=\"collapse6731\" data-parent=\"#sp-ea-673\" role=\"region\" aria-labelledby=\"ea-header-6731\">  <!-- Content div. -->\n\t\t<div class=\"ea-body\">\n\t\t<p><a href=\"http:\/\/turkakim.com.tr\/wp-content\/uploads\/2024\/03\/10.-Kurulus_TTSG.pdf\" target=\"_blank\" rel=\"noopener\">Kurulu\u015f_TTSG<\/a><\/p>\n\t\t<\/div> <!-- Close content div. -->\n\t<\/div> <!-- Close collapse div. -->\n<\/div> <!-- Close card div. -->\n<!-- Start accordion card div. -->\n<div class=\"ea-card  sp-ea-single\">\n\t<!-- Start accordion header. -->\n\t<h3 class=\"ea-header\">\n\t\t<!-- Add anchor tag for header. -->\n\t\t<a class=\"collapsed\" id=\"ea-header-6732\" role=\"button\" data-sptoggle=\"spcollapse\" data-sptarget=\"#collapse6732\" aria-controls=\"collapse6732\" href=\"#\"  aria-expanded=\"false\" tabindex=\"0\">\n\t\t<i aria-hidden=\"true\" role=\"presentation\" class=\"ea-expand-icon eap-icon-ea-expand-plus\"><\/i> Address Change\t\t<\/a> <!-- Close anchor tag for header. -->\n\t<\/h3>\t<!-- Close header tag. -->\n\t<!-- Start collapsible content div. -->\n\t<div class=\"sp-collapse spcollapse\" id=\"collapse6732\" data-parent=\"#sp-ea-673\" role=\"region\" aria-labelledby=\"ea-header-6732\">  <!-- Content div. -->\n\t\t<div class=\"ea-body\">\n\t\t<p><a href=\"http:\/\/turkakim.com.tr\/wp-content\/uploads\/2024\/03\/7.-Adres-Degisikligi_TTSG.pdf\" target=\"_blank\" rel=\"noopener\">Adres De\u011fi\u015fikli\u011fi_TTSG<\/a><\/p>\n\t\t<\/div> <!-- Close content div. -->\n\t<\/div> <!-- Close collapse div. -->\n<\/div> <!-- Close card div. -->\n<!-- Start accordion card div. -->\n<div class=\"ea-card  sp-ea-single\">\n\t<!-- Start accordion header. -->\n\t<h3 class=\"ea-header\">\n\t\t<!-- Add anchor tag for header. -->\n\t\t<a class=\"collapsed\" id=\"ea-header-6733\" role=\"button\" data-sptoggle=\"spcollapse\" data-sptarget=\"#collapse6733\" aria-controls=\"collapse6733\" href=\"#\"  aria-expanded=\"false\" tabindex=\"0\">\n\t\t<i aria-hidden=\"true\" role=\"presentation\" class=\"ea-expand-icon eap-icon-ea-expand-plus\"><\/i> TCC-Art.198 Notification\t\t<\/a> <!-- Close anchor tag for header. -->\n\t<\/h3>\t<!-- Close header tag. -->\n\t<!-- Start collapsible content div. -->\n\t<div class=\"sp-collapse spcollapse\" id=\"collapse6733\" data-parent=\"#sp-ea-673\" role=\"region\" aria-labelledby=\"ea-header-6733\">  <!-- Content div. -->\n\t\t<div class=\"ea-body\">\n\t\t<p><a href=\"http:\/\/turkakim.com.tr\/wp-content\/uploads\/2024\/03\/1.-TTK-M.198-Bildirimi_TTSG.pdf\" target=\"_blank\" rel=\"noopener\">TTK-M.198-Bildirimi_TTSG<\/a><\/p>\n\t\t<\/div> <!-- Close content div. -->\n\t<\/div> <!-- Close collapse div. -->\n<\/div> <!-- Close card div. -->\n<!-- Start accordion card div. -->\n<div class=\"ea-card  sp-ea-single\">\n\t<!-- Start accordion header. -->\n\t<h3 class=\"ea-header\">\n\t\t<!-- Add anchor tag for header. -->\n\t\t<a class=\"collapsed\" id=\"ea-header-6734\" role=\"button\" data-sptoggle=\"spcollapse\" data-sptarget=\"#collapse6734\" aria-controls=\"collapse6734\" href=\"#\"  aria-expanded=\"false\" tabindex=\"0\">\n\t\t<i aria-hidden=\"true\" role=\"presentation\" class=\"ea-expand-icon eap-icon-ea-expand-plus\"><\/i> First Capital Increase\t\t<\/a> <!-- Close anchor tag for header. -->\n\t<\/h3>\t<!-- Close header tag. -->\n\t<!-- Start collapsible content div. -->\n\t<div class=\"sp-collapse spcollapse\" id=\"collapse6734\" data-parent=\"#sp-ea-673\" role=\"region\" aria-labelledby=\"ea-header-6734\">  <!-- Content div. -->\n\t\t<div class=\"ea-body\">\n\t\t<p><a href=\"http:\/\/turkakim.com.tr\/wp-content\/uploads\/2024\/07\/9.-1.-Sermaye-Artirimi_TTSG.pdf\" target=\"_blank\" rel=\"noopener\">1. Sermaye Art\u0131r\u0131m\u0131_TTSG<\/a><\/p>\n\t\t<\/div> <!-- Close content div. -->\n\t<\/div> <!-- Close collapse div. -->\n<\/div> <!-- Close card div. -->\n<!-- Start accordion card div. -->\n<div class=\"ea-card  sp-ea-single\">\n\t<!-- Start accordion header. -->\n\t<h3 class=\"ea-header\">\n\t\t<!-- Add anchor tag for header. -->\n\t\t<a class=\"collapsed\" id=\"ea-header-6735\" role=\"button\" data-sptoggle=\"spcollapse\" data-sptarget=\"#collapse6735\" aria-controls=\"collapse6735\" href=\"#\"  aria-expanded=\"false\" tabindex=\"0\">\n\t\t<i aria-hidden=\"true\" role=\"presentation\" class=\"ea-expand-icon eap-icon-ea-expand-plus\"><\/i>  Second Capital Increase\t\t<\/a> <!-- Close anchor tag for header. -->\n\t<\/h3>\t<!-- Close header tag. -->\n\t<!-- Start collapsible content div. -->\n\t<div class=\"sp-collapse spcollapse\" id=\"collapse6735\" data-parent=\"#sp-ea-673\" role=\"region\" aria-labelledby=\"ea-header-6735\">  <!-- Content div. -->\n\t\t<div class=\"ea-body\">\n\t\t<p><a href=\"http:\/\/turkakim.com.tr\/wp-content\/uploads\/2024\/07\/8.-2.-Sermaye-Artirimi_TTSG.pdf\" target=\"_blank\" rel=\"noopener\">2. Sermaye Art\u0131r\u0131m\u0131_TTSG<\/a><\/p>\n\t\t<\/div> <!-- Close content div. -->\n\t<\/div> <!-- Close collapse div. -->\n<\/div> <!-- Close card div. -->\n<!-- Start accordion card div. -->\n<div class=\"ea-card  sp-ea-single\">\n\t<!-- Start accordion header. -->\n\t<h3 class=\"ea-header\">\n\t\t<!-- Add anchor tag for header. -->\n\t\t<a class=\"collapsed\" id=\"ea-header-6736\" role=\"button\" data-sptoggle=\"spcollapse\" data-sptarget=\"#collapse6736\" aria-controls=\"collapse6736\" href=\"#\"  aria-expanded=\"false\" tabindex=\"0\">\n\t\t<i aria-hidden=\"true\" role=\"presentation\" class=\"ea-expand-icon eap-icon-ea-expand-plus\"><\/i> Directors of the Company\t\t<\/a> <!-- Close anchor tag for header. -->\n\t<\/h3>\t<!-- Close header tag. -->\n\t<!-- Start collapsible content div. -->\n\t<div class=\"sp-collapse spcollapse\" id=\"collapse6736\" data-parent=\"#sp-ea-673\" role=\"region\" aria-labelledby=\"ea-header-6736\">  <!-- Content div. -->\n\t\t<div class=\"ea-body\">\n\t\t<p><a href=\"http:\/\/turkakim.com.tr\/wp-content\/uploads\/2024\/03\/4.-Sirket-Mudurleri_TTSG.pdf\" target=\"_blank\" rel=\"noopener\">\u015eirket M\u00fcd\u00fcrleri_TTSG<\/a><\/p>\n\t\t<\/div> <!-- Close content div. -->\n\t<\/div> <!-- Close collapse div. -->\n<\/div> <!-- Close card div. -->\n<!-- Start accordion card div. -->\n<div class=\"ea-card  sp-ea-single\">\n\t<!-- Start accordion header. -->\n\t<h3 class=\"ea-header\">\n\t\t<!-- Add anchor tag for header. -->\n\t\t<a class=\"collapsed\" id=\"ea-header-6737\" role=\"button\" data-sptoggle=\"spcollapse\" data-sptarget=\"#collapse6737\" aria-controls=\"collapse6737\" href=\"#\"  aria-expanded=\"false\" tabindex=\"0\">\n\t\t<i aria-hidden=\"true\" role=\"presentation\" class=\"ea-expand-icon eap-icon-ea-expand-plus\"><\/i> Task Distribution and Representation\t\t<\/a> <!-- Close anchor tag for header. -->\n\t<\/h3>\t<!-- Close header tag. -->\n\t<!-- Start collapsible content div. -->\n\t<div class=\"sp-collapse spcollapse\" id=\"collapse6737\" data-parent=\"#sp-ea-673\" role=\"region\" aria-labelledby=\"ea-header-6737\">  <!-- Content div. -->\n\t\t<div class=\"ea-body\">\n\t\t<p><a href=\"http:\/\/turkakim.com.tr\/wp-content\/uploads\/2025\/09\/Gorev-Dagilimi-ve-Temsil-Ilzam.pdf\">G\u00f6rev Da\u011f\u0131l\u0131m\u0131 ve Temsil \u0130lzam<\/a><\/p>\n\t\t<\/div> <!-- Close content div. -->\n\t<\/div> <!-- Close collapse div. -->\n<\/div> <!-- Close card div. -->\n<!-- Start accordion card div. -->\n<div class=\"ea-card  sp-ea-single\">\n\t<!-- Start accordion header. -->\n\t<h3 class=\"ea-header\">\n\t\t<!-- Add anchor tag for header. -->\n\t\t<a class=\"collapsed\" id=\"ea-header-6738\" role=\"button\" data-sptoggle=\"spcollapse\" data-sptarget=\"#collapse6738\" aria-controls=\"collapse6738\" href=\"#\"  aria-expanded=\"false\" tabindex=\"0\">\n\t\t<i aria-hidden=\"true\" role=\"presentation\" class=\"ea-expand-icon eap-icon-ea-expand-plus\"><\/i> Internal Directive No.3  of the Board of Directors regarding Limited Signature Authorities_TTRG\t\t<\/a> <!-- Close anchor tag for header. -->\n\t<\/h3>\t<!-- Close header tag. -->\n\t<!-- Start collapsible content div. -->\n\t<div class=\"sp-collapse spcollapse\" id=\"collapse6738\" data-parent=\"#sp-ea-673\" role=\"region\" aria-labelledby=\"ea-header-6738\">  <!-- Content div. -->\n\t\t<div class=\"ea-body\">\n\t\t<p><a href=\"http:\/\/turkakim.com.tr\/wp-content\/uploads\/2024\/09\/Sinirli-Imza-Yetkililerine-Iliskin-Yonetim-Kurulu-Ic-Yonergesi-No.3_TTSG.pdf\">S\u0131n\u0131rl\u0131 \u0130mza Yetkililerine \u0130li\u015fkin Y\u00f6netim Kurulu \u0130\u00e7 Y\u00f6nergesi No.3_TTSG<\/a><\/p>\n\t\t<\/div> <!-- Close content div. -->\n\t<\/div> <!-- Close collapse div. -->\n<\/div> <!-- Close card div. -->\n<!-- Start accordion card div. -->\n<div class=\"ea-card  sp-ea-single\">\n\t<!-- Start accordion header. -->\n\t<h3 class=\"ea-header\">\n\t\t<!-- Add anchor tag for header. -->\n\t\t<a class=\"collapsed\" id=\"ea-header-6739\" role=\"button\" data-sptoggle=\"spcollapse\" data-sptarget=\"#collapse6739\" aria-controls=\"collapse6739\" href=\"#\"  aria-expanded=\"false\" tabindex=\"0\">\n\t\t<i aria-hidden=\"true\" role=\"presentation\" class=\"ea-expand-icon eap-icon-ea-expand-plus\"><\/i> Internal Directive of the General Assembly\t\t<\/a> <!-- Close anchor tag for header. -->\n\t<\/h3>\t<!-- Close header tag. -->\n\t<!-- Start collapsible content div. -->\n\t<div class=\"sp-collapse spcollapse\" id=\"collapse6739\" data-parent=\"#sp-ea-673\" role=\"region\" aria-labelledby=\"ea-header-6739\">  <!-- Content div. -->\n\t\t<div class=\"ea-body\">\n\t\t<p><a href=\"http:\/\/turkakim.com.tr\/wp-content\/uploads\/2024\/03\/6.-Genel-Kurul-Ic-Yonergesi_TTSG.pdf\" target=\"_blank\" rel=\"noopener\">Genel Kurul \u0130\u00e7 Y\u00f6nergesi_TTSG<\/a><\/p>\n\t\t<\/div> <!-- Close content div. -->\n\t<\/div> <!-- Close collapse div. -->\n<\/div> <!-- Close card div. -->\n<!-- Start accordion card div. -->\n<div class=\"ea-card  sp-ea-single\">\n\t<!-- Start accordion header. -->\n\t<h3 class=\"ea-header\">\n\t\t<!-- Add anchor tag for header. -->\n\t\t<a class=\"collapsed\" id=\"ea-header-67310\" role=\"button\" data-sptoggle=\"spcollapse\" data-sptarget=\"#collapse67310\" aria-controls=\"collapse67310\" href=\"#\"  aria-expanded=\"false\" tabindex=\"0\">\n\t\t<i aria-hidden=\"true\" role=\"presentation\" class=\"ea-expand-icon eap-icon-ea-expand-plus\"><\/i> 2025 Independent Auditor Appointment\t\t<\/a> <!-- Close anchor tag for header. -->\n\t<\/h3>\t<!-- Close header tag. -->\n\t<!-- Start collapsible content div. -->\n\t<div class=\"sp-collapse spcollapse\" id=\"collapse67310\" data-parent=\"#sp-ea-673\" role=\"region\" aria-labelledby=\"ea-header-67310\">  <!-- Content div. -->\n\t\t<div class=\"ea-body\">\n\t\t<p><a href=\"http:\/\/turkakim.com.tr\/wp-content\/uploads\/2025\/10\/2025-Bagimsiz-Denetci-Secimi.pdf\">2025 Ba\u011f\u0131ms\u0131z Denet\u00e7i Se\u00e7imi<\/a><\/p>\n\t\t<\/div> <!-- Close content div. -->\n\t<\/div> <!-- Close collapse div. -->\n<\/div> <!-- Close card div. -->\n<!-- Start accordion card div. -->\n<div class=\"ea-card  sp-ea-single\">\n\t<!-- Start accordion header. -->\n\t<h3 class=\"ea-header\">\n\t\t<!-- Add anchor tag for header. -->\n\t\t<a class=\"collapsed\" id=\"ea-header-67311\" role=\"button\" data-sptoggle=\"spcollapse\" data-sptarget=\"#collapse67311\" aria-controls=\"collapse67311\" href=\"#\"  aria-expanded=\"false\" tabindex=\"0\">\n\t\t<i aria-hidden=\"true\" role=\"presentation\" class=\"ea-expand-icon eap-icon-ea-expand-plus\"><\/i> 2024 Independent Auditor Appointment\t\t<\/a> <!-- Close anchor tag for header. -->\n\t<\/h3>\t<!-- Close header tag. -->\n\t<!-- Start collapsible content div. -->\n\t<div class=\"sp-collapse spcollapse\" id=\"collapse67311\" data-parent=\"#sp-ea-673\" role=\"region\" aria-labelledby=\"ea-header-67311\">  <!-- Content div. -->\n\t\t<div class=\"ea-body\">\n\t\t<p><a href=\"http:\/\/turkakim.com.tr\/wp-content\/uploads\/2025\/06\/21.-2024-Denetci-Secimi-TTSG.pdf\">2024 Denet\u00e7i Se\u00e7imi TTSG<\/a><\/p>\n\t\t<\/div> <!-- Close content div. -->\n\t<\/div> <!-- Close collapse div. -->\n<\/div> <!-- Close card div. -->\n<!-- Start accordion card div. -->\n<div class=\"ea-card  sp-ea-single\">\n\t<!-- Start accordion header. -->\n\t<h3 class=\"ea-header\">\n\t\t<!-- Add anchor tag for header. -->\n\t\t<a class=\"collapsed\" id=\"ea-header-67312\" role=\"button\" data-sptoggle=\"spcollapse\" data-sptarget=\"#collapse67312\" aria-controls=\"collapse67312\" href=\"#\"  aria-expanded=\"false\" tabindex=\"0\">\n\t\t<i aria-hidden=\"true\" role=\"presentation\" class=\"ea-expand-icon eap-icon-ea-expand-plus\"><\/i> CCTV\t\t<\/a> <!-- Close anchor tag for header. -->\n\t<\/h3>\t<!-- Close header tag. -->\n\t<!-- Start collapsible content div. -->\n\t<div class=\"sp-collapse spcollapse\" id=\"collapse67312\" data-parent=\"#sp-ea-673\" role=\"region\" aria-labelledby=\"ea-header-67312\">  <!-- Content div. -->\n\t\t<div class=\"ea-body\">\n\t\t<p><a href=\"http:\/\/turkakim.com.tr\/wp-content\/uploads\/2025\/02\/TurkAkim-CCTV-AYDINLATMA-METNI.pdf\">T\u00fcrkAk\u0131m CCTV AYDINLATMA METN\u0130<\/a><\/p>\n\t\t<\/div> <!-- Close content div. -->\n\t<\/div> <!-- Close collapse div. -->\n<\/div> <!-- Close card div. -->\n<\/div>\n<\/div>\n<\/div>\n\n\n<div style=\"height:100px\" aria-hidden=\"true\" class=\"wp-block-spacer\"><\/div>","protected":false},"excerpt":{"rendered":"","protected":false},"author":1,"featured_media":0,"parent":0,"menu_order":0,"comment_status":"closed","ping_status":"closed","template":"","meta":{"_uag_custom_page_level_css":"","neve_meta_sidebar":"","neve_meta_container":"","neve_meta_enable_content_width":"","neve_meta_content_width":0,"neve_meta_title_alignment":"","neve_meta_author_avatar":"","neve_post_elements_order":"","neve_meta_disable_header":"","neve_meta_disable_footer":"","neve_meta_disable_title":"","footnotes":""},"yoast_head":"<!-- This site is optimized with the Yoast SEO plugin v24.5 - https:\/\/yoast.com\/wordpress\/plugins\/seo\/ -->\n<title>Documents - T&uuml;rkAk\u0131m<\/title>\n<meta name=\"description\" content=\"T\u00fcrkAk\u0131m Gaz Ta\u015f\u0131ma A.\u015e. - Documents\" \/>\n<meta name=\"robots\" content=\"index, follow, max-snippet:-1, max-image-preview:large, max-video-preview:-1\" \/>\n<link rel=\"canonical\" href=\"https:\/\/turkakim.com.tr\/ru\/documents\/\" \/>\n<meta property=\"og:locale\" content=\"ru_RU\" \/>\n<meta property=\"og:type\" content=\"article\" \/>\n<meta property=\"og:title\" content=\"Documents - T&uuml;rkAk\u0131m\" \/>\n<meta property=\"og:description\" content=\"T\u00fcrkAk\u0131m Gaz Ta\u015f\u0131ma A.\u015e. - Documents\" \/>\n<meta property=\"og:url\" content=\"https:\/\/turkakim.com.tr\/ru\/documents\/\" \/>\n<meta property=\"og:site_name\" content=\"T&uuml;rkAk\u0131m\" \/>\n<meta property=\"article:modified_time\" content=\"2024-04-06T16:08:32+00:00\" \/>\n<meta property=\"og:image\" content=\"https:\/\/turkakim.com.tr\/wp-content\/uploads\/2024\/04\/TurkAkim-Yatay_Logo.png\" \/>\n\t<meta property=\"og:image:width\" content=\"1200\" \/>\n\t<meta property=\"og:image:height\" content=\"675\" \/>\n\t<meta property=\"og:image:type\" content=\"image\/png\" \/>\n<meta name=\"twitter:card\" content=\"summary_large_image\" \/>\n<meta name=\"twitter:label1\" content=\"\u041f\u0440\u0438\u043c\u0435\u0440\u043d\u043e\u0435 \u0432\u0440\u0435\u043c\u044f \u0434\u043b\u044f \u0447\u0442\u0435\u043d\u0438\u044f\" \/>\n\t<meta name=\"twitter:data1\" content=\"1 \u043c\u0438\u043d\u0443\u0442\u0430\" \/>\n<script type=\"application\/ld+json\" class=\"yoast-schema-graph\">{\"@context\":\"https:\/\/schema.org\",\"@graph\":[{\"@type\":\"WebPage\",\"@id\":\"https:\/\/turkakim.com.tr\/documents\/\",\"url\":\"https:\/\/turkakim.com.tr\/documents\/\",\"name\":\"Documents - T&uuml;rkAk\u0131m\",\"isPartOf\":{\"@id\":\"https:\/\/turkakim.com.tr\/#website\"},\"datePublished\":\"2024-03-28T00:18:05+00:00\",\"dateModified\":\"2024-04-06T16:08:32+00:00\",\"description\":\"T\u00fcrkAk\u0131m Gaz Ta\u015f\u0131ma A.\u015e. - Documents\",\"breadcrumb\":{\"@id\":\"https:\/\/turkakim.com.tr\/documents\/#breadcrumb\"},\"inLanguage\":\"ru-RU\",\"potentialAction\":[{\"@type\":\"ReadAction\",\"target\":[\"https:\/\/turkakim.com.tr\/documents\/\"]}]},{\"@type\":\"BreadcrumbList\",\"@id\":\"https:\/\/turkakim.com.tr\/documents\/#breadcrumb\",\"itemListElement\":[{\"@type\":\"ListItem\",\"position\":1,\"name\":\"Home\",\"item\":\"https:\/\/turkakim.com.tr\/\"},{\"@type\":\"ListItem\",\"position\":2,\"name\":\"Documents\"}]},{\"@type\":\"WebSite\",\"@id\":\"https:\/\/turkakim.com.tr\/#website\",\"url\":\"https:\/\/turkakim.com.tr\/\",\"name\":\"T\u00fcrkAk\u0131m Gaz Ta\u015f\u0131ma A.\u015e.\",\"description\":\"T&uuml;rkAk\u0131m Gaz Ta\u015f\u0131ma A.\u015e.\",\"publisher\":{\"@id\":\"https:\/\/turkakim.com.tr\/#organization\"},\"alternateName\":\"T\u00fcrkAk\u0131m Gaz Ta\u015f\u0131ma A.\u015e.\",\"potentialAction\":[{\"@type\":\"SearchAction\",\"target\":{\"@type\":\"EntryPoint\",\"urlTemplate\":\"https:\/\/turkakim.com.tr\/?s={search_term_string}\"},\"query-input\":{\"@type\":\"PropertyValueSpecification\",\"valueRequired\":true,\"valueName\":\"search_term_string\"}}],\"inLanguage\":\"ru-RU\"},{\"@type\":\"Organization\",\"@id\":\"https:\/\/turkakim.com.tr\/#organization\",\"name\":\"T\u00fcrkAk\u0131m\",\"url\":\"https:\/\/turkakim.com.tr\/\",\"logo\":{\"@type\":\"ImageObject\",\"inLanguage\":\"ru-RU\",\"@id\":\"https:\/\/turkakim.com.tr\/#\/schema\/logo\/image\/\",\"url\":\"https:\/\/turkakim.com.tr\/wp-content\/uploads\/2024\/04\/TurkAkim-Yatay_Logo.png\",\"contentUrl\":\"https:\/\/turkakim.com.tr\/wp-content\/uploads\/2024\/04\/TurkAkim-Yatay_Logo.png\",\"width\":1200,\"height\":675,\"caption\":\"T\u00fcrkAk\u0131m\"},\"image\":{\"@id\":\"https:\/\/turkakim.com.tr\/#\/schema\/logo\/image\/\"}}]}<\/script>\n<!-- \/ Yoast SEO plugin. -->","yoast_head_json":{"title":"Documents - T&uuml;rkAk\u0131m","description":"T\u00fcrkAk\u0131m Gaz Ta\u015f\u0131ma A.\u015e. - Documents","robots":{"index":"index","follow":"follow","max-snippet":"max-snippet:-1","max-image-preview":"max-image-preview:large","max-video-preview":"max-video-preview:-1"},"canonical":"https:\/\/turkakim.com.tr\/ru\/documents\/","og_locale":"ru_RU","og_type":"article","og_title":"Documents - T&uuml;rkAk\u0131m","og_description":"T\u00fcrkAk\u0131m Gaz Ta\u015f\u0131ma A.\u015e. - Documents","og_url":"https:\/\/turkakim.com.tr\/ru\/documents\/","og_site_name":"T&uuml;rkAk\u0131m","article_modified_time":"2024-04-06T16:08:32+00:00","og_image":[{"width":1200,"height":675,"url":"https:\/\/turkakim.com.tr\/wp-content\/uploads\/2024\/04\/TurkAkim-Yatay_Logo.png","type":"image\/png"}],"twitter_card":"summary_large_image","twitter_misc":{"\u041f\u0440\u0438\u043c\u0435\u0440\u043d\u043e\u0435 \u0432\u0440\u0435\u043c\u044f \u0434\u043b\u044f \u0447\u0442\u0435\u043d\u0438\u044f":"1 \u043c\u0438\u043d\u0443\u0442\u0430"},"schema":{"@context":"https:\/\/schema.org","@graph":[{"@type":"WebPage","@id":"https:\/\/turkakim.com.tr\/documents\/","url":"https:\/\/turkakim.com.tr\/documents\/","name":"Documents - T&uuml;rkAk\u0131m","isPartOf":{"@id":"https:\/\/turkakim.com.tr\/#website"},"datePublished":"2024-03-28T00:18:05+00:00","dateModified":"2024-04-06T16:08:32+00:00","description":"T\u00fcrkAk\u0131m Gaz Ta\u015f\u0131ma A.\u015e. - Documents","breadcrumb":{"@id":"https:\/\/turkakim.com.tr\/documents\/#breadcrumb"},"inLanguage":"ru-RU","potentialAction":[{"@type":"ReadAction","target":["https:\/\/turkakim.com.tr\/documents\/"]}]},{"@type":"BreadcrumbList","@id":"https:\/\/turkakim.com.tr\/documents\/#breadcrumb","itemListElement":[{"@type":"ListItem","position":1,"name":"Home","item":"https:\/\/turkakim.com.tr\/"},{"@type":"ListItem","position":2,"name":"Documents"}]},{"@type":"WebSite","@id":"https:\/\/turkakim.com.tr\/#website","url":"https:\/\/turkakim.com.tr\/","name":"T\u00fcrkAk\u0131m Gaz Ta\u015f\u0131ma A.\u015e.","description":"T&uuml;rkAk\u0131m Gaz Ta\u015f\u0131ma A.\u015e.","publisher":{"@id":"https:\/\/turkakim.com.tr\/#organization"},"alternateName":"T\u00fcrkAk\u0131m Gaz Ta\u015f\u0131ma A.\u015e.","potentialAction":[{"@type":"SearchAction","target":{"@type":"EntryPoint","urlTemplate":"https:\/\/turkakim.com.tr\/?s={search_term_string}"},"query-input":{"@type":"PropertyValueSpecification","valueRequired":true,"valueName":"search_term_string"}}],"inLanguage":"ru-RU"},{"@type":"Organization","@id":"https:\/\/turkakim.com.tr\/#organization","name":"T\u00fcrkAk\u0131m","url":"https:\/\/turkakim.com.tr\/","logo":{"@type":"ImageObject","inLanguage":"ru-RU","@id":"https:\/\/turkakim.com.tr\/#\/schema\/logo\/image\/","url":"https:\/\/turkakim.com.tr\/wp-content\/uploads\/2024\/04\/TurkAkim-Yatay_Logo.png","contentUrl":"https:\/\/turkakim.com.tr\/wp-content\/uploads\/2024\/04\/TurkAkim-Yatay_Logo.png","width":1200,"height":675,"caption":"T\u00fcrkAk\u0131m"},"image":{"@id":"https:\/\/turkakim.com.tr\/#\/schema\/logo\/image\/"}}]}},"uagb_featured_image_src":{"full":false,"thumbnail":false,"medium":false,"medium_large":false,"large":false,"1536x1536":false,"2048x2048":false,"trp-custom-language-flag":false,"neve-blog":false},"uagb_author_info":{"display_name":"admin","author_link":"https:\/\/turkakim.com.tr\/ru\/author\/admin\/"},"uagb_comment_info":0,"uagb_excerpt":null,"_links":{"self":[{"href":"https:\/\/turkakim.com.tr\/ru\/wp-json\/wp\/v2\/pages\/492"}],"collection":[{"href":"https:\/\/turkakim.com.tr\/ru\/wp-json\/wp\/v2\/pages"}],"about":[{"href":"https:\/\/turkakim.com.tr\/ru\/wp-json\/wp\/v2\/types\/page"}],"author":[{"embeddable":true,"href":"https:\/\/turkakim.com.tr\/ru\/wp-json\/wp\/v2\/users\/1"}],"replies":[{"embeddable":true,"href":"https:\/\/turkakim.com.tr\/ru\/wp-json\/wp\/v2\/comments?post=492"}],"version-history":[{"count":11,"href":"https:\/\/turkakim.com.tr\/ru\/wp-json\/wp\/v2\/pages\/492\/revisions"}],"predecessor-version":[{"id":759,"href":"https:\/\/turkakim.com.tr\/ru\/wp-json\/wp\/v2\/pages\/492\/revisions\/759"}],"wp:attachment":[{"href":"https:\/\/turkakim.com.tr\/ru\/wp-json\/wp\/v2\/media?parent=492"}],"curies":[{"name":"wp","href":"https:\/\/api.w.org\/{rel}","templated":true}]}}