{"id":61,"date":"2020-01-23T18:21:52","date_gmt":"2020-01-23T18:21:52","guid":{"rendered":"https:\/\/demosites.io\/web-agency-gb\/?page_id=61"},"modified":"2024-04-04T19:55:43","modified_gmt":"2024-04-04T19:55:43","slug":"about-us","status":"publish","type":"page","link":"https:\/\/turkakim.com.tr\/ru\/about-us\/","title":{"rendered":"\u041e \u041d\u0410\u0421"},"content":{"rendered":"<div class=\"wp-block-cover alignfull\" style=\"min-height:72px;aspect-ratio:unset;\"><span aria-hidden=\"true\" class=\"wp-block-cover__background has-nv-site-bg-background-color has-background-dim-100 has-background-dim\"><\/span><div class=\"wp-block-cover__inner-container is-layout-flow wp-block-cover-is-layout-flow\">\n<div class=\"wp-block-group\"><div class=\"wp-block-group__inner-container is-layout-flow wp-block-group-is-layout-flow\">\n<h1 class=\"wp-block-heading has-text-align-left has-neve-text-color-color has-text-color\"><\/h1>\n<\/div><\/div>\n<\/div><\/div>\n\n\n\n<div class=\"wp-block-cover alignfull\" style=\"min-height:600px;aspect-ratio:unset;\"><span aria-hidden=\"true\" class=\"wp-block-cover__background has-nv-light-bg-background-color has-background-dim-100 has-background-dim\"><\/span><div class=\"wp-block-cover__inner-container is-layout-flow wp-block-cover-is-layout-flow\">\n<div class=\"wp-block-group\"><div class=\"wp-block-group__inner-container is-layout-flow wp-block-group-is-layout-flow\">\n<div style=\"height:80px\" aria-hidden=\"true\" class=\"wp-block-spacer\"><\/div>\n\n\n\n<div class=\"wp-block-columns are-vertically-aligned-center has-neve-text-color-color has-text-color is-layout-flex wp-container-core-columns-is-layout-1 wp-block-columns-is-layout-flex\">\n<div class=\"wp-block-column is-vertically-aligned-center is-layout-flow wp-block-column-is-layout-flow\" style=\"flex-basis:50%\">\n<figure class=\"wp-block-image size-full\"><img loading=\"lazy\" decoding=\"async\" width=\"600\" height=\"600\" src=\"http:\/\/turkakim.com.tr\/wp-content\/uploads\/2024\/03\/about-us-image.jpg\" alt=\"\" class=\"wp-image-562\" srcset=\"https:\/\/turkakim.com.tr\/wp-content\/uploads\/2024\/03\/about-us-image.jpg 600w, https:\/\/turkakim.com.tr\/wp-content\/uploads\/2024\/03\/about-us-image-300x300.jpg 300w, https:\/\/turkakim.com.tr\/wp-content\/uploads\/2024\/03\/about-us-image-150x150.jpg 150w, https:\/\/turkakim.com.tr\/wp-content\/uploads\/2024\/03\/about-us-image-12x12.jpg 12w\" sizes=\"(max-width: 600px) 100vw, 600px\" \/><\/figure>\n<\/div>\n\n\n\n<div class=\"wp-block-column is-vertically-aligned-center is-layout-flow wp-block-column-is-layout-flow\" style=\"flex-basis:50%\">\n<h2 class=\"wp-block-heading has-neve-text-color-color has-text-color\">\u041e \u041d\u0410\u0421<\/h2>\n\n\n\n<p>\u041f\u0440\u043e\u0435\u043a\u0442 \u0422\u0443\u0440\u0435\u0446\u043a\u0438\u0439 \u043f\u043e\u0442\u043e\u043a \u0431\u044b\u043b \u0440\u0435\u0430\u043b\u0438\u0437\u043e\u0432\u0430\u043d \u0432 \u0441\u043e\u043e\u0442\u0432\u0435\u0442\u0441\u0442\u0432\u0438\u0438 \u0441 \u0421\u043e\u0433\u043b\u0430\u0448\u0435\u043d\u0438\u0435\u043c \u043e \u043f\u0440\u043e\u0435\u043a\u0442\u0435 \u0433\u0430\u0437\u043e\u043f\u0440\u043e\u0432\u043e\u0434\u0430 \u0422\u0443\u0440\u0435\u0446\u043a\u0438\u0439 \u043f\u043e\u0442\u043e\u043a, \u043f\u043e\u0434\u043f\u0438\u0441\u0430\u043d\u043d\u044b\u043c \u043c\u0435\u0436\u0434\u0443 \u041f\u0440\u0430\u0432\u0438\u0442\u0435\u043b\u044c\u0441\u0442\u0432\u043e\u043c \u0422\u0443\u0440\u0435\u0446\u043a\u043e\u0439 \u0420\u0435\u0441\u043f\u0443\u0431\u043b\u0438\u043a\u0438 \u0438 \u041f\u0440\u0430\u0432\u0438\u0442\u0435\u043b\u044c\u0441\u0442\u0432\u043e\u043c \u0420\u043e\u0441\u0441\u0438\u0439\u0441\u043a\u043e\u0439 \u0424\u0435\u0434\u0435\u0440\u0430\u0446\u0438\u0438 10.10.2016.<\/p>\n\n\n\n<p>\u0412 \u0440\u0430\u043c\u043a\u0430\u0445 \u044d\u0442\u043e\u0433\u043e \u043f\u0440\u043e\u0435\u043a\u0442\u0430 19.11.2018 \u0433\u043e\u0434\u0430 \u0431\u044b\u043b\u0430 \u043e\u0441\u043d\u043e\u0432\u0430\u043d\u0430 \u043a\u043e\u043c\u043f\u0430\u043d\u0438\u044f T\u00fcrkAk\u0131m Gaz Ta\u015f\u0131ma A.\u015e. (T\u00fcrkAk\u0131m), \u043a\u043e\u0442\u043e\u0440\u0430\u044f \u0437\u0430\u043d\u0438\u043c\u0430\u043b\u0430\u0441\u044c \u043f\u0440\u043e\u0435\u043a\u0442\u0438\u0440\u043e\u0432\u0430\u043d\u0438\u0435\u043c \u0438 \u0441\u0442\u0440\u043e\u0438\u0442\u0435\u043b\u044c\u0441\u0442\u0432\u043e\u043c, \u0430 \u0432 \u043d\u0430\u0441\u0442\u043e\u044f\u0449\u0438\u0439 \u043c\u043e\u043c\u0435\u043d\u0442 \u043e\u043d\u0430 \u0432\u043b\u0430\u0434\u0435\u0435\u0442 \u0438 \u044d\u043a\u0441\u043f\u043b\u0443\u0430\u0442\u0438\u0440\u0443\u0435\u0442 \u0438 \u0432\u0442\u043e\u0440\u0443\u044e \u043d\u0430\u0437\u0435\u043c\u043d\u0443\u044e \u043d\u0438\u0442\u043a\u0443 \u0433\u0430\u0437\u043e\u043f\u0440\u043e\u0432\u043e\u0434\u0430 \u0422\u0443\u0440\u0435\u0446\u043a\u0438\u0439 \u043f\u043e\u0442\u043e\u043a.<\/p>\n<\/div>\n<\/div>\n\n\n\n<div style=\"height:40px\" aria-hidden=\"true\" class=\"wp-block-spacer\"><\/div>\n<\/div><\/div>\n<\/div><\/div>\n\n\n\n<div style=\"height:100px\" aria-hidden=\"true\" class=\"wp-block-spacer\"><\/div>","protected":false},"excerpt":{"rendered":"","protected":false},"author":1,"featured_media":0,"parent":0,"menu_order":0,"comment_status":"closed","ping_status":"closed","template":"","meta":{"_uag_custom_page_level_css":"","neve_meta_sidebar":"default","neve_meta_container":"default","neve_meta_enable_content_width":"on","neve_meta_content_width":100,"neve_meta_title_alignment":"","neve_meta_author_avatar":"","neve_post_elements_order":"","neve_meta_disable_header":"","neve_meta_disable_footer":"","neve_meta_disable_title":"on","footnotes":""},"yoast_head":"<!-- This site is optimized with the Yoast SEO plugin v24.5 - https:\/\/yoast.com\/wordpress\/plugins\/seo\/ -->\n<title>About Us - T&uuml;rkAk\u0131m<\/title>\n<meta name=\"description\" content=\"The TurkStream Project has been carried out in compliance with the Agreement Concerning the TurkStream Gas Pipeline Project signed between the Government of Republic of T\u00fcrkiye and the Government of the Russian Federation on 10\/10\/2016.\" \/>\n<meta name=\"robots\" content=\"index, follow, max-snippet:-1, max-image-preview:large, max-video-preview:-1\" \/>\n<link rel=\"canonical\" href=\"https:\/\/turkakim.com.tr\/ru\/about-us\/\" \/>\n<meta property=\"og:locale\" content=\"ru_RU\" \/>\n<meta property=\"og:type\" content=\"article\" \/>\n<meta property=\"og:title\" content=\"About Us - T&uuml;rkAk\u0131m\" \/>\n<meta property=\"og:description\" content=\"The TurkStream Project has been carried out in compliance with the Agreement Concerning the TurkStream Gas Pipeline Project signed between the Government of Republic of T\u00fcrkiye and the Government of the Russian Federation on 10\/10\/2016.\" \/>\n<meta property=\"og:url\" content=\"https:\/\/turkakim.com.tr\/ru\/about-us\/\" \/>\n<meta property=\"og:site_name\" content=\"T&uuml;rkAk\u0131m\" \/>\n<meta property=\"article:modified_time\" content=\"2024-04-04T19:55:43+00:00\" \/>\n<meta property=\"og:image\" content=\"http:\/\/turkakim.com.tr\/wp-content\/uploads\/2024\/03\/about-us-image.jpg\" \/>\n<meta name=\"twitter:card\" content=\"summary_large_image\" \/>\n<meta name=\"twitter:label1\" content=\"\u041f\u0440\u0438\u043c\u0435\u0440\u043d\u043e\u0435 \u0432\u0440\u0435\u043c\u044f \u0434\u043b\u044f \u0447\u0442\u0435\u043d\u0438\u044f\" \/>\n\t<meta name=\"twitter:data1\" content=\"1 \u043c\u0438\u043d\u0443\u0442\u0430\" \/>\n<script type=\"application\/ld+json\" class=\"yoast-schema-graph\">{\"@context\":\"https:\/\/schema.org\",\"@graph\":[{\"@type\":\"WebPage\",\"@id\":\"https:\/\/turkakim.com.tr\/about-us\/\",\"url\":\"https:\/\/turkakim.com.tr\/about-us\/\",\"name\":\"About Us - T&uuml;rkAk\u0131m\",\"isPartOf\":{\"@id\":\"https:\/\/turkakim.com.tr\/#website\"},\"primaryImageOfPage\":{\"@id\":\"https:\/\/turkakim.com.tr\/about-us\/#primaryimage\"},\"image\":{\"@id\":\"https:\/\/turkakim.com.tr\/about-us\/#primaryimage\"},\"thumbnailUrl\":\"http:\/\/turkakim.com.tr\/wp-content\/uploads\/2024\/03\/about-us-image.jpg\",\"datePublished\":\"2020-01-23T18:21:52+00:00\",\"dateModified\":\"2024-04-04T19:55:43+00:00\",\"description\":\"The TurkStream Project has been carried out in compliance with the Agreement Concerning the TurkStream Gas Pipeline Project signed between the Government of Republic of T\u00fcrkiye and the Government of the Russian Federation on 10\/10\/2016.\",\"breadcrumb\":{\"@id\":\"https:\/\/turkakim.com.tr\/about-us\/#breadcrumb\"},\"inLanguage\":\"ru-RU\",\"potentialAction\":[{\"@type\":\"ReadAction\",\"target\":[\"https:\/\/turkakim.com.tr\/about-us\/\"]}]},{\"@type\":\"ImageObject\",\"inLanguage\":\"ru-RU\",\"@id\":\"https:\/\/turkakim.com.tr\/about-us\/#primaryimage\",\"url\":\"http:\/\/turkakim.com.tr\/wp-content\/uploads\/2024\/03\/about-us-image.jpg\",\"contentUrl\":\"http:\/\/turkakim.com.tr\/wp-content\/uploads\/2024\/03\/about-us-image.jpg\"},{\"@type\":\"BreadcrumbList\",\"@id\":\"https:\/\/turkakim.com.tr\/about-us\/#breadcrumb\",\"itemListElement\":[{\"@type\":\"ListItem\",\"position\":1,\"name\":\"Home\",\"item\":\"https:\/\/turkakim.com.tr\/\"},{\"@type\":\"ListItem\",\"position\":2,\"name\":\"About Us\"}]},{\"@type\":\"WebSite\",\"@id\":\"https:\/\/turkakim.com.tr\/#website\",\"url\":\"https:\/\/turkakim.com.tr\/\",\"name\":\"T\u00fcrkAk\u0131m Gaz Ta\u015f\u0131ma A.\u015e.\",\"description\":\"T&uuml;rkAk\u0131m Gaz Ta\u015f\u0131ma A.\u015e.\",\"publisher\":{\"@id\":\"https:\/\/turkakim.com.tr\/#organization\"},\"alternateName\":\"T\u00fcrkAk\u0131m Gaz Ta\u015f\u0131ma A.\u015e.\",\"potentialAction\":[{\"@type\":\"SearchAction\",\"target\":{\"@type\":\"EntryPoint\",\"urlTemplate\":\"https:\/\/turkakim.com.tr\/?s={search_term_string}\"},\"query-input\":{\"@type\":\"PropertyValueSpecification\",\"valueRequired\":true,\"valueName\":\"search_term_string\"}}],\"inLanguage\":\"ru-RU\"},{\"@type\":\"Organization\",\"@id\":\"https:\/\/turkakim.com.tr\/#organization\",\"name\":\"T\u00fcrkAk\u0131m\",\"url\":\"https:\/\/turkakim.com.tr\/\",\"logo\":{\"@type\":\"ImageObject\",\"inLanguage\":\"ru-RU\",\"@id\":\"https:\/\/turkakim.com.tr\/#\/schema\/logo\/image\/\",\"url\":\"https:\/\/turkakim.com.tr\/wp-content\/uploads\/2024\/04\/TurkAkim-Yatay_Logo.png\",\"contentUrl\":\"https:\/\/turkakim.com.tr\/wp-content\/uploads\/2024\/04\/TurkAkim-Yatay_Logo.png\",\"width\":1200,\"height\":675,\"caption\":\"T\u00fcrkAk\u0131m\"},\"image\":{\"@id\":\"https:\/\/turkakim.com.tr\/#\/schema\/logo\/image\/\"}}]}<\/script>\n<!-- \/ Yoast SEO plugin. -->","yoast_head_json":{"title":"About Us - T&uuml;rkAk\u0131m","description":"The TurkStream Project has been carried out in compliance with the Agreement Concerning the TurkStream Gas Pipeline Project signed between the Government of Republic of T\u00fcrkiye and the Government of the Russian Federation on 10\/10\/2016.","robots":{"index":"index","follow":"follow","max-snippet":"max-snippet:-1","max-image-preview":"max-image-preview:large","max-video-preview":"max-video-preview:-1"},"canonical":"https:\/\/turkakim.com.tr\/ru\/about-us\/","og_locale":"ru_RU","og_type":"article","og_title":"About Us - T&uuml;rkAk\u0131m","og_description":"The TurkStream Project has been carried out in compliance with the Agreement Concerning the TurkStream Gas Pipeline Project signed between the Government of Republic of T\u00fcrkiye and the Government of the Russian Federation on 10\/10\/2016.","og_url":"https:\/\/turkakim.com.tr\/ru\/about-us\/","og_site_name":"T&uuml;rkAk\u0131m","article_modified_time":"2024-04-04T19:55:43+00:00","og_image":[{"url":"http:\/\/turkakim.com.tr\/wp-content\/uploads\/2024\/03\/about-us-image.jpg","type":"","width":"","height":""}],"twitter_card":"summary_large_image","twitter_misc":{"\u041f\u0440\u0438\u043c\u0435\u0440\u043d\u043e\u0435 \u0432\u0440\u0435\u043c\u044f \u0434\u043b\u044f \u0447\u0442\u0435\u043d\u0438\u044f":"1 \u043c\u0438\u043d\u0443\u0442\u0430"},"schema":{"@context":"https:\/\/schema.org","@graph":[{"@type":"WebPage","@id":"https:\/\/turkakim.com.tr\/about-us\/","url":"https:\/\/turkakim.com.tr\/about-us\/","name":"About Us - T&uuml;rkAk\u0131m","isPartOf":{"@id":"https:\/\/turkakim.com.tr\/#website"},"primaryImageOfPage":{"@id":"https:\/\/turkakim.com.tr\/about-us\/#primaryimage"},"image":{"@id":"https:\/\/turkakim.com.tr\/about-us\/#primaryimage"},"thumbnailUrl":"http:\/\/turkakim.com.tr\/wp-content\/uploads\/2024\/03\/about-us-image.jpg","datePublished":"2020-01-23T18:21:52+00:00","dateModified":"2024-04-04T19:55:43+00:00","description":"The TurkStream Project has been carried out in compliance with the Agreement Concerning the TurkStream Gas Pipeline Project signed between the Government of Republic of T\u00fcrkiye and the Government of the Russian Federation on 10\/10\/2016.","breadcrumb":{"@id":"https:\/\/turkakim.com.tr\/about-us\/#breadcrumb"},"inLanguage":"ru-RU","potentialAction":[{"@type":"ReadAction","target":["https:\/\/turkakim.com.tr\/about-us\/"]}]},{"@type":"ImageObject","inLanguage":"ru-RU","@id":"https:\/\/turkakim.com.tr\/about-us\/#primaryimage","url":"http:\/\/turkakim.com.tr\/wp-content\/uploads\/2024\/03\/about-us-image.jpg","contentUrl":"http:\/\/turkakim.com.tr\/wp-content\/uploads\/2024\/03\/about-us-image.jpg"},{"@type":"BreadcrumbList","@id":"https:\/\/turkakim.com.tr\/about-us\/#breadcrumb","itemListElement":[{"@type":"ListItem","position":1,"name":"Home","item":"https:\/\/turkakim.com.tr\/"},{"@type":"ListItem","position":2,"name":"About Us"}]},{"@type":"WebSite","@id":"https:\/\/turkakim.com.tr\/#website","url":"https:\/\/turkakim.com.tr\/","name":"T\u00fcrkAk\u0131m Gaz Ta\u015f\u0131ma A.\u015e.","description":"T&uuml;rkAk\u0131m Gaz Ta\u015f\u0131ma A.\u015e.","publisher":{"@id":"https:\/\/turkakim.com.tr\/#organization"},"alternateName":"T\u00fcrkAk\u0131m Gaz Ta\u015f\u0131ma A.\u015e.","potentialAction":[{"@type":"SearchAction","target":{"@type":"EntryPoint","urlTemplate":"https:\/\/turkakim.com.tr\/?s={search_term_string}"},"query-input":{"@type":"PropertyValueSpecification","valueRequired":true,"valueName":"search_term_string"}}],"inLanguage":"ru-RU"},{"@type":"Organization","@id":"https:\/\/turkakim.com.tr\/#organization","name":"T\u00fcrkAk\u0131m","url":"https:\/\/turkakim.com.tr\/","logo":{"@type":"ImageObject","inLanguage":"ru-RU","@id":"https:\/\/turkakim.com.tr\/#\/schema\/logo\/image\/","url":"https:\/\/turkakim.com.tr\/wp-content\/uploads\/2024\/04\/TurkAkim-Yatay_Logo.png","contentUrl":"https:\/\/turkakim.com.tr\/wp-content\/uploads\/2024\/04\/TurkAkim-Yatay_Logo.png","width":1200,"height":675,"caption":"T\u00fcrkAk\u0131m"},"image":{"@id":"https:\/\/turkakim.com.tr\/#\/schema\/logo\/image\/"}}]}},"uagb_featured_image_src":{"full":false,"thumbnail":false,"medium":false,"medium_large":false,"large":false,"1536x1536":false,"2048x2048":false,"trp-custom-language-flag":false,"neve-blog":false},"uagb_author_info":{"display_name":"admin","author_link":"https:\/\/turkakim.com.tr\/ru\/author\/admin\/"},"uagb_comment_info":0,"uagb_excerpt":null,"_links":{"self":[{"href":"https:\/\/turkakim.com.tr\/ru\/wp-json\/wp\/v2\/pages\/61"}],"collection":[{"href":"https:\/\/turkakim.com.tr\/ru\/wp-json\/wp\/v2\/pages"}],"about":[{"href":"https:\/\/turkakim.com.tr\/ru\/wp-json\/wp\/v2\/types\/page"}],"author":[{"embeddable":true,"href":"https:\/\/turkakim.com.tr\/ru\/wp-json\/wp\/v2\/users\/1"}],"replies":[{"embeddable":true,"href":"https:\/\/turkakim.com.tr\/ru\/wp-json\/wp\/v2\/comments?post=61"}],"version-history":[{"count":16,"href":"https:\/\/turkakim.com.tr\/ru\/wp-json\/wp\/v2\/pages\/61\/revisions"}],"predecessor-version":[{"id":732,"href":"https:\/\/turkakim.com.tr\/ru\/wp-json\/wp\/v2\/pages\/61\/revisions\/732"}],"wp:attachment":[{"href":"https:\/\/turkakim.com.tr\/ru\/wp-json\/wp\/v2\/media?parent=61"}],"curies":[{"name":"wp","href":"https:\/\/api.w.org\/{rel}","templated":true}]}}