{"id":793,"date":"2025-02-19T22:45:04","date_gmt":"2025-02-19T22:45:04","guid":{"rendered":"https:\/\/turkakim.com.tr\/?page_id=793"},"modified":"2025-02-19T22:45:05","modified_gmt":"2025-02-19T22:45:05","slug":"cerez-aydinlatma-metni","status":"publish","type":"page","link":"https:\/\/turkakim.com.tr\/ru\/cerez-aydinlatma-metni\/","title":{"rendered":"\u00c7EREZ AYDINLATMA METN\u0130"},"content":{"rendered":"<p>\u0130\u015fbu \u00c7erez Ayd\u0131nlatma Metni, 6698 say\u0131l\u0131 Ki\u015fisel Verilerin Korunmas\u0131 Kanunu\u2019nun <strong>(\u201cKanun\u201d)<\/strong> 10. maddesi ile Ayd\u0131nlatma Y\u00fck\u00fcml\u00fcl\u00fc\u011f\u00fcn\u00fcn Yerine Getirilmesinde Uyulacak Usul ve Esaslar Hakk\u0131nda Tebli\u011f kapsam\u0131nda veri sorumlusu s\u0131fat\u0131ylaT\u00fcrkAk\u0131m Gaz Ta\u015f\u0131ma Anonim \u015eirketi<strong> (\u201cT\u00fcrkAk\u0131m\u201d) <\/strong>taraf\u0131ndan haz\u0131rlanm\u0131\u015ft\u0131r. Bu metnin amac\u0131, internet sitemizde kullan\u0131lan \u00e7erezlerin cihaz\u0131n\u0131za yerle\u015ftirilmesi arac\u0131l\u0131\u011f\u0131yla otomatik yolla elde edilen ki\u015fisel verilerinizin i\u015flenmesine ili\u015fkin olarak hangi ama\u00e7larla hangi t\u00fcr \u00e7erezleri kulland\u0131\u011f\u0131m\u0131z, hukuki sebebi ve haklar\u0131n\u0131z hakk\u0131nda sizlere bilgi vermektir.<\/p>\n\n\n\n<p>\u00c7erezler, bir internet sitesini ziyaret etti\u011finizde taray\u0131c\u0131n\u0131z arac\u0131l\u0131\u011f\u0131yla bilgisayar\u0131n\u0131za veya mobil cihaz\u0131n\u0131za kaydedilen k\u00fc\u00e7\u00fck boyutlu metin dosyalar\u0131 olup, internet sitesinin daha verimli \u00e7al\u0131\u015fmas\u0131n\u0131n yan\u0131 s\u0131ra, ki\u015fisel ihtiya\u00e7lar\u0131n\u0131za daha uygun ve h\u0131zl\u0131 bir ziyaret deneyimi ya\u015fatmak i\u00e7in ki\u015fiselle\u015ftirilmi\u015f sayfalar\u0131n sunulabilmesine olanak vermektedir. \u00c7erezler, sadece internet ortam\u0131ndaki ziyaret ge\u00e7mi\u015finize dair bilgiler i\u00e7ermekte olup, bilgisayar\u0131n\u0131zda veya mobil cihaz\u0131n\u0131zda depolanm\u0131\u015f dosyalara ili\u015fkin herhangi bir bilgi toplamamaktad\u0131r.<\/p>\n\n\n\n<p>Kanun uyar\u0131nca, <a href=\"https:\/\/turkakim.com.tr\/tr\/\">https:\/\/turkakim.com.tr\/tr\/<\/a> <strong>(\u201c\u0130nternet Sitesi\u201d<\/strong>) \u00fczerinde kullan\u0131lan \u00e7erezlere ili\u015fkin olarak ki\u015fisel verileriniz; veri sorumlusu olarak T\u00fcrkAk\u0131m taraf\u0131ndan a\u015fa\u011f\u0131da a\u00e7\u0131klanan kapsamda i\u015flenebilecektir.<\/p>\n\n\n\n<p><strong>A. Ki\u015fisel Verileriniz, \u0130\u015fleme Ama\u00e7lar\u0131m\u0131z ve Hukuki Sebepler<\/strong><\/p>\n\n\n\n<p>Toplanan ki\u015fisel verileriniz, a\u015fa\u011f\u0131da yer verilen ama\u00e7larla (\u201c<strong>Ama\u00e7lar<\/strong>\u201d) Kanun\u2019un 5. maddesinde belirtilen ki\u015fisel veri i\u015fleme \u015fartlar\u0131 ve ama\u00e7lar\u0131 dahilinde i\u015flenecektir.&nbsp; \u0130nternet Sitesi \u00fczerinde farkl\u0131 ama\u00e7larla \u00e7erezler kullan\u0131lmaktad\u0131r. Kullan\u0131lan ilgili \u00e7erezin t\u00fcr\u00fcne g\u00f6re veri i\u015fleme ama\u00e7lar\u0131 ve ilgili \u00e7erezi kullan\u0131rken dayand\u0131\u011f\u0131m\u0131z Kanun maddesi kapsam\u0131ndaki veri i\u015fleme \u015fart\u0131 de\u011fi\u015febilmektedir.<\/p>\n\n\n\n<p><strong>B. \u00c7erez Tipleri<\/strong><\/p>\n\n\n\n<p><strong><u>Sahipliklerine g\u00f6re<\/u><\/strong><\/p>\n\n\n\n<ul>\n<li>Birinci Taraf \u00c7erezler: Do\u011frudan T\u00fcrkAk\u0131m taraf\u0131ndan cihaza yerle\u015ftirilen \u00e7erezlerdir.<\/li>\n\n\n\n<li>\u00dc\u00e7\u00fcnc\u00fc Taraf \u00c7erezler: T\u00fcrkAk\u0131m ile i\u015f birli\u011fi i\u00e7erisinde olan, reklam veren veya analitik sistem gibi \u00fc\u00e7\u00fcnc\u00fc bir taraf\u00e7a cihaza yerle\u015ftirilen \u00e7erezlerdir.<\/li>\n<\/ul>\n\n\n\n<p><strong><u>Aktif oldu\u011fu s\u00fcreye g\u00f6re<\/u><\/strong><\/p>\n\n\n\n<ul>\n<li>Oturum \u00c7erezleri: Sitenin kullan\u0131m\u0131 s\u0131ras\u0131nda ge\u00e7erli olan \u00e7erezler olup, Kullan\u0131c\u0131n\u0131n taray\u0131c\u0131y\u0131 kapatmas\u0131 veya oturumun sona ermesi s\u00fcresine kadar ge\u00e7erliliklerini korurlar.<\/li>\n\n\n\n<li>Kal\u0131c\u0131 \u00c7erezler: \u00c7erezin kullan\u0131c\u0131 taraf\u0131ndan silinme tarihine kadar veya \u00e7erez i\u00e7in belirli son kullanma tarihine kadar s\u00fcr\u00fcc\u00fcde yer alan \u00e7erezlerdir. Kal\u0131c\u0131 \u00e7erezlerin kodlar\u0131nda de\u011fi\u015fken s\u00fcreli, yaz\u0131l\u0131 bir son kullanma tarihi bulunmaktad\u0131r.<\/li>\n<\/ul>\n\n\n\n<p><strong><u>Kullan\u0131m ama\u00e7lar\u0131na g\u00f6re<\/u><\/strong><\/p>\n\n\n\n<p><strong><em>Zorunlu \u00c7erezler<\/em><\/strong><\/p>\n\n\n\n<p>Zorunlu \u00e7erezler, \u0130nternet Sitesini g\u00f6r\u00fcnt\u00fclemeniz esnas\u0131nda cihaz\u0131n\u0131za yerle\u015ftirilen ve sunulan online servislerin d\u00fczg\u00fcn \u015fekilde \u00e7al\u0131\u015fabilmesi i\u00e7in gerekli olan \u00e7erezlerdir.&nbsp; Bu \u00e7erezlerin kullan\u0131m\u0131 esnas\u0131nda ger\u00e7ekle\u015ftirdi\u011fimiz veri i\u015fleme faaliyetleri i\u00e7in Kanun m. 5 kapsam\u0131nda \u201cBir s\u00f6zle\u015fmenin kurulmas\u0131 veya ifas\u0131yla do\u011frudan do\u011fruya ilgili olmas\u0131 kayd\u0131yla, s\u00f6zle\u015fmenin taraflar\u0131na ait ki\u015fisel verilerin i\u015flenmesinin gerekli olmas\u0131\u201d ve \u201c\u0130lgili ki\u015finin temel hak ve \u00f6zg\u00fcrl\u00fcklerine zarar vermemek kayd\u0131yla, veri sorumlusunun me\u015fru menfaatleri i\u00e7in veri i\u015flenmesinin zorunlu olmas\u0131\u201d hukuki sebebine dayanmaktay\u0131z.&nbsp;&nbsp;&nbsp;<\/p>\n\n\n\n<p><strong><em>\u0130\u015flevsellik \u00c7erezleri<\/em><\/strong><\/p>\n\n\n\n<p>\u0130\u015flevsellik \u00e7erezleri, \u0130nternet Sitesinde ki\u015fiselle\u015ftirme ve tercihlerin hat\u0131rlanmas\u0131 ama\u00e7lar\u0131 ile kullan\u0131lan \u00e7erezlerdir. Bu \u00e7erezler zorunlu \u00e7erezler d\u0131\u015f\u0131nda kalan i\u015flevselli\u011fi sa\u011flama amac\u0131yla kullan\u0131lmaktad\u0131r. Bu \u00e7erezlerin kullan\u0131m\u0131 esnas\u0131nda ger\u00e7ekle\u015ftirdi\u011fimiz veri i\u015fleme faaliyetleri i\u00e7in Kanun m. 5 kapsam\u0131nda \u201ca\u00e7\u0131k r\u0131za\u201d hukuki sebebine dayanmaktay\u0131z.<\/p>\n\n\n\n<p><strong><em>Performans ve Analitik \u00c7erezleri<\/em><\/strong><\/p>\n\n\n\n<p>Performans \u00e7erezleri, \u0130nternet Sitesini g\u00f6r\u00fcnt\u00fcleyen ki\u015fi say\u0131s\u0131 ile \u0130nternet Site trafi\u011fini takip ve analiz edilmesini sa\u011flar. Bu \u00e7erezler sayesinde \u0130nternet Sitesi \u00fczerindeki alanlardan hangilerinin en s\u0131k ya da seyrek ziyaret edildi\u011fi gibi bilgileri edinebilir ve \u0130nternet Sitesinin trafi\u011fini optimize edebiliriz. Bu \u00e7erezlerin kullan\u0131m\u0131 esnas\u0131nda ger\u00e7ekle\u015ftirdi\u011fimiz veri i\u015fleme faaliyetleri i\u00e7in Kanun m. 5 kapsam\u0131nda \u201ca\u00e7\u0131k r\u0131za\u201d hukuki sebebine dayanmaktay\u0131z.<\/p>\n\n\n\n<p><strong><em>Reklam ve Pazarlama \u00c7erezleri<\/em><\/strong><\/p>\n\n\n\n<p>Bu \u00e7erezler \u0130nternet Sitesi kullan\u0131c\u0131lar\u0131na ilgi alanlar\u0131na yak\u0131n olan i\u00e7erikleri ve kampanyalar\u0131 sunmak amac\u0131yla kullan\u0131l\u0131r. Ayr\u0131ca hedefli reklamlar sunmak veya bir reklam\u0131n size g\u00f6r\u00fcnt\u00fclenme say\u0131s\u0131n\u0131 k\u0131s\u0131tlamak amac\u0131yla da kullan\u0131labilir. Bu \u00e7erezler taraf\u0131n\u0131za \u00f6zel \u00fcr\u00fcn tan\u0131t\u0131m\u0131 yapmak, ki\u015fiselle\u015ftirilmi\u015f reklamlar g\u00f6stermek, reklam kampanyalar\u0131n\u0131n etkinli\u011fini \u00f6l\u00e7mek i\u00e7in kullan\u0131labilir.&nbsp;Bu \u00e7erezlerin kullan\u0131m\u0131 esnas\u0131nda ger\u00e7ekle\u015ftirdi\u011fimiz veri i\u015fleme faaliyetleri i\u00e7in Kanun m. 5 kapsam\u0131nda \u201ca\u00e7\u0131k r\u0131za\u201d hukuki sebebine dayanmaktay\u0131z.<\/p>\n\n\n\n<p><strong>C. \u0130nternet Sitesinde Kullan\u0131lan \u00c7erez \u00c7e\u015fitleri<\/strong><\/p>\n\n\n\n<p>A\u015fa\u011f\u0131da \u0130nternet Sitesinde kulland\u0131\u011f\u0131m\u0131z farkl\u0131 t\u00fcrdeki \u00e7erezleri bulabilirsiniz. \u0130nternet sitemizde \u00fc\u00e7\u00fcnc\u00fc taraf \u00e7erezleri de kullan\u0131lmaktad\u0131r.<\/p>\n\n\n\n<figure class=\"wp-block-table\"><table><tbody><tr><td><strong>\u00c7erez Ad\u0131<\/strong><\/td><td><strong>Sa\u011flay\u0131c\u0131&nbsp;&nbsp;&nbsp;&nbsp;&nbsp;&nbsp;&nbsp;&nbsp;<\/strong><\/td><td><strong>Birinci Taraf\/\u00dc\u00e7\u00fcnc\u00fc Taraf<\/strong><\/td><td><strong>Kullan\u0131m amac\u0131<\/strong><\/td><td><strong>Kullan\u0131m S\u00fcresi<\/strong><\/td><\/tr><tr><td>_ga<\/td><td>turkakim.com.tr<\/td><td>Google Analitik (\u00dc\u00e7\u00fcnc\u00fc Taraf)<\/td><td>Performans ve Analitik<\/td><td>S\u00fcrekli<\/td><\/tr><tr><td>_ga_8FD38ZNE33<\/td><td>turkakim.com.tr<\/td><td>Google Analitik (\u00dc\u00e7\u00fcnc\u00fc Taraf)<\/td><td>Performans ve Analitik<\/td><td>S\u00fcrekli<\/td><\/tr><\/tbody><\/table><\/figure>\n\n\n\n<p><strong>D. Ki\u015fisel Verilerinizin Aktar\u0131lmas\u0131<\/strong><\/p>\n\n\n\n<p>Yukar\u0131da yer alan ama\u00e7lar\u0131n yerine getirilmesi do\u011frultusunda toplanan ki\u015fisel verileriniz; me\u015fru menfaatimiz kapsam\u0131nda hizmet tedarik etti\u011fimiz dan\u0131\u015fmanlar ve bilgi teknolojisi altyap\u0131s\u0131 ile \u00e7erezlere ili\u015fkin teknik hizmet sa\u011flay\u0131c\u0131lar\u0131na, kanunlarda a\u00e7\u0131k\u00e7a \u00f6ng\u00f6r\u00fclmesi ve hukuki y\u00fck\u00fcml\u00fcl\u00fcklerimizin yerine getirilmesi kapsam\u0131nda kanunen yetkili kamu kurumlar\u0131 ve kanunen yetkili \u00f6zel kurulu\u015flara, a\u00e7\u0131k r\u0131zan\u0131z\u0131n varl\u0131\u011f\u0131 halinde reklam\/pazarlama faaliyetlerinin ger\u00e7ekle\u015ftirilmesi, \u0130nternet Sitesi\u2019nin daha i\u015flevsel k\u0131l\u0131nmas\u0131 ve ki\u015fiselle\u015ftirme&nbsp; ama\u00e7lar\u0131yla yurt d\u0131\u015f\u0131nda mukim Google Inc., gibi 3.taraf altyap\u0131 sa\u011flay\u0131c\u0131lar\u0131na, Kanun\u2019un 5. maddesinde d\u00fczenlenen veri i\u015fleme \u015fartlar\u0131 kapsam\u0131nda Kanun\u2019un 8. ve 9. maddelerinde belirtilen ki\u015fisel verilerin aktar\u0131lmas\u0131na ili\u015fkin kurallara uygun olarak aktar\u0131labilecektir.&nbsp;&nbsp;&nbsp;&nbsp;<\/p>\n\n\n\n<p><strong>E. Ki\u015fisel Verilerinizi Toplama Y\u00f6ntemimiz&nbsp;<\/strong><\/p>\n\n\n\n<p>Ki\u015fisel verileriniz, yukar\u0131da yer verilen ama\u00e7lar\u0131n yerine getirilmesi kapsam\u0131nda elektronik ortamda \u00e7erezler vas\u0131tas\u0131yla otomatik yollarla toplanmaktad\u0131r.&nbsp;<\/p>\n\n\n\n<p><strong>F. Ki\u015fisel Verilerinize \u0130li\u015fkin Haklar\u0131n\u0131z<\/strong><\/p>\n\n\n\n<p>Ki\u015fisel verilerinize ili\u015fkin olarak Ki\u015fisel Verilerin Korunmas\u0131 Kanunu\u2019nun 11\u2019inci maddesi kapsam\u0131ndaki taleplerinizi, \u201cVeri Sorumlusuna Ba\u015fvuru Usul ve Esaslar\u0131 Hakk\u0131nda Tebli\u011fi\u201dne uygun \u015fekilde yaz\u0131l\u0131 olarak ya da kay\u0131tl\u0131 elektronik posta (KEP) adresi, g\u00fcvenli elektronik imza, mobil imza ya da T\u00fcrkAk\u0131m daha \u00f6nce bildirdi\u011finiz ve sistemimizde kay\u0131tl\u0131 bulunan elektronik posta adresinizi kullanarak a\u015fa\u011f\u0131daki adreslere her zaman iletebilirsiniz.<\/p>\n\n\n\n<p><strong>Veri Sorumlusu:<\/strong> T\u00fcrkAk\u0131m Gaz Ta\u015f\u0131ma Anonim \u015eirketi<\/p>\n\n\n\n<p><strong>E-posta:<\/strong> info@turkakim.com.tr<\/p>\n\n\n\n<p><strong>Kep Adresi: <\/strong>turkakim@hs03.kep.tr<\/p>\n\n\n\n<p><strong>Adres:<\/strong> &nbsp;Ayaza\u011fa Mahallesi, Kemerburgaz Caddesi, Vadistanbul Park Ofis Bloklar\u0131, No: 7B, Ofis 54, 55, 56, 57, 34396 Sar\u0131yer\/\u0130stanbul<\/p>\n\n\n\n<p>Talebinizin niteli\u011fine g\u00f6re m\u00fcmk\u00fcn olan en k\u0131sa s\u00fcrede ve en ge\u00e7 30 (otuz) g\u00fcn i\u00e7inde ba\u015fvurular\u0131n\u0131z \u00fccretsiz olarak sonu\u00e7land\u0131r\u0131l\u0131r. \u0130\u015flemin ayr\u0131ca bir maliyet gerektirmesi h\u00e2linde Ki\u015fisel Verileri Koruma Kurulu taraf\u0131ndan belirlenecek tarifeye g\u00f6re taraf\u0131n\u0131zdan \u00fccret talep edilebilecektir.<\/p>","protected":false},"excerpt":{"rendered":"<p>\u0130\u015fbu \u00c7erez Ayd\u0131nlatma Metni, 6698 say\u0131l\u0131 Ki\u015fisel Verilerin Korunmas\u0131 Kanunu\u2019nun (\u201cKanun\u201d) 10. maddesi ile Ayd\u0131nlatma Y\u00fck\u00fcml\u00fcl\u00fc\u011f\u00fcn\u00fcn Yerine Getirilmesinde Uyulacak Usul ve Esaslar Hakk\u0131nda Tebli\u011f kapsam\u0131nda veri sorumlusu s\u0131fat\u0131ylaT\u00fcrkAk\u0131m Gaz Ta\u015f\u0131ma Anonim \u015eirketi (\u201cT\u00fcrkAk\u0131m\u201d) taraf\u0131ndan haz\u0131rlanm\u0131\u015ft\u0131r. Bu metnin amac\u0131, internet sitemizde kullan\u0131lan \u00e7erezlerin cihaz\u0131n\u0131za yerle\u015ftirilmesi arac\u0131l\u0131\u011f\u0131yla otomatik yolla elde edilen ki\u015fisel verilerinizin i\u015flenmesine ili\u015fkin olarak hangi&hellip;&nbsp;<a href=\"https:\/\/turkakim.com.tr\/ru\/cerez-aydinlatma-metni\/\" class=\"\" rel=\"bookmark\">\u041f\u043e\u0434\u0440\u043e\u0431\u043d\u0435\u0435 &raquo;<span class=\"screen-reader-text\">\u00c7EREZ AYDINLATMA METN\u0130<\/span><\/a><\/p>","protected":false},"author":1,"featured_media":0,"parent":0,"menu_order":0,"comment_status":"closed","ping_status":"closed","template":"","meta":{"_uag_custom_page_level_css":"","neve_meta_sidebar":"","neve_meta_container":"","neve_meta_enable_content_width":"","neve_meta_content_width":0,"neve_meta_title_alignment":"","neve_meta_author_avatar":"","neve_post_elements_order":"","neve_meta_disable_header":"","neve_meta_disable_footer":"","neve_meta_disable_title":"","footnotes":""},"yoast_head":"<!-- This site is optimized with the Yoast SEO plugin v24.5 - https:\/\/yoast.com\/wordpress\/plugins\/seo\/ -->\n<title>\u00c7EREZ AYDINLATMA METN\u0130 - T&uuml;rkAk\u0131m<\/title>\n<meta name=\"robots\" content=\"index, follow, max-snippet:-1, max-image-preview:large, max-video-preview:-1\" \/>\n<link rel=\"canonical\" href=\"https:\/\/turkakim.com.tr\/ru\/cerez-aydinlatma-metni\/\" \/>\n<meta property=\"og:locale\" content=\"ru_RU\" \/>\n<meta property=\"og:type\" content=\"article\" \/>\n<meta property=\"og:title\" content=\"\u00c7EREZ AYDINLATMA METN\u0130 - T&uuml;rkAk\u0131m\" \/>\n<meta property=\"og:description\" content=\"\u0130\u015fbu \u00c7erez Ayd\u0131nlatma Metni, 6698 say\u0131l\u0131 Ki\u015fisel Verilerin Korunmas\u0131 Kanunu\u2019nun (\u201cKanun\u201d) 10. maddesi ile Ayd\u0131nlatma Y\u00fck\u00fcml\u00fcl\u00fc\u011f\u00fcn\u00fcn Yerine Getirilmesinde Uyulacak Usul ve Esaslar Hakk\u0131nda Tebli\u011f kapsam\u0131nda veri sorumlusu s\u0131fat\u0131ylaT\u00fcrkAk\u0131m Gaz Ta\u015f\u0131ma Anonim \u015eirketi (\u201cT\u00fcrkAk\u0131m\u201d) taraf\u0131ndan haz\u0131rlanm\u0131\u015ft\u0131r. Bu metnin amac\u0131, internet sitemizde kullan\u0131lan \u00e7erezlerin cihaz\u0131n\u0131za yerle\u015ftirilmesi arac\u0131l\u0131\u011f\u0131yla otomatik yolla elde edilen ki\u015fisel verilerinizin i\u015flenmesine ili\u015fkin olarak hangi&hellip;&nbsp;\u041f\u043e\u0434\u0440\u043e\u0431\u043d\u0435\u0435 &raquo;\u00c7EREZ AYDINLATMA METN\u0130\" \/>\n<meta property=\"og:url\" content=\"https:\/\/turkakim.com.tr\/ru\/cerez-aydinlatma-metni\/\" \/>\n<meta property=\"og:site_name\" content=\"T&uuml;rkAk\u0131m\" \/>\n<meta property=\"article:modified_time\" content=\"2025-02-19T22:45:05+00:00\" \/>\n<meta property=\"og:image\" content=\"https:\/\/turkakim.com.tr\/wp-content\/uploads\/2024\/04\/TurkAkim-Yatay_Logo.png\" \/>\n\t<meta property=\"og:image:width\" content=\"1200\" \/>\n\t<meta property=\"og:image:height\" content=\"675\" \/>\n\t<meta property=\"og:image:type\" content=\"image\/png\" \/>\n<meta name=\"twitter:card\" content=\"summary_large_image\" \/>\n<meta name=\"twitter:label1\" content=\"\u041f\u0440\u0438\u043c\u0435\u0440\u043d\u043e\u0435 \u0432\u0440\u0435\u043c\u044f \u0434\u043b\u044f \u0447\u0442\u0435\u043d\u0438\u044f\" \/>\n\t<meta name=\"twitter:data1\" content=\"4 \u043c\u0438\u043d\u0443\u0442\u044b\" \/>\n<script type=\"application\/ld+json\" class=\"yoast-schema-graph\">{\"@context\":\"https:\/\/schema.org\",\"@graph\":[{\"@type\":\"WebPage\",\"@id\":\"https:\/\/turkakim.com.tr\/cerez-aydinlatma-metni\/\",\"url\":\"https:\/\/turkakim.com.tr\/cerez-aydinlatma-metni\/\",\"name\":\"\u00c7EREZ AYDINLATMA METN\u0130 - T&uuml;rkAk\u0131m\",\"isPartOf\":{\"@id\":\"https:\/\/turkakim.com.tr\/#website\"},\"datePublished\":\"2025-02-19T22:45:04+00:00\",\"dateModified\":\"2025-02-19T22:45:05+00:00\",\"breadcrumb\":{\"@id\":\"https:\/\/turkakim.com.tr\/cerez-aydinlatma-metni\/#breadcrumb\"},\"inLanguage\":\"ru-RU\",\"potentialAction\":[{\"@type\":\"ReadAction\",\"target\":[\"https:\/\/turkakim.com.tr\/cerez-aydinlatma-metni\/\"]}]},{\"@type\":\"BreadcrumbList\",\"@id\":\"https:\/\/turkakim.com.tr\/cerez-aydinlatma-metni\/#breadcrumb\",\"itemListElement\":[{\"@type\":\"ListItem\",\"position\":1,\"name\":\"Home\",\"item\":\"https:\/\/turkakim.com.tr\/\"},{\"@type\":\"ListItem\",\"position\":2,\"name\":\"\u00c7EREZ AYDINLATMA METN\u0130\"}]},{\"@type\":\"WebSite\",\"@id\":\"https:\/\/turkakim.com.tr\/#website\",\"url\":\"https:\/\/turkakim.com.tr\/\",\"name\":\"T\u00fcrkAk\u0131m Gaz Ta\u015f\u0131ma A.\u015e.\",\"description\":\"T&uuml;rkAk\u0131m Gaz Ta\u015f\u0131ma A.\u015e.\",\"publisher\":{\"@id\":\"https:\/\/turkakim.com.tr\/#organization\"},\"alternateName\":\"T\u00fcrkAk\u0131m Gaz Ta\u015f\u0131ma A.\u015e.\",\"potentialAction\":[{\"@type\":\"SearchAction\",\"target\":{\"@type\":\"EntryPoint\",\"urlTemplate\":\"https:\/\/turkakim.com.tr\/?s={search_term_string}\"},\"query-input\":{\"@type\":\"PropertyValueSpecification\",\"valueRequired\":true,\"valueName\":\"search_term_string\"}}],\"inLanguage\":\"ru-RU\"},{\"@type\":\"Organization\",\"@id\":\"https:\/\/turkakim.com.tr\/#organization\",\"name\":\"T\u00fcrkAk\u0131m\",\"url\":\"https:\/\/turkakim.com.tr\/\",\"logo\":{\"@type\":\"ImageObject\",\"inLanguage\":\"ru-RU\",\"@id\":\"https:\/\/turkakim.com.tr\/#\/schema\/logo\/image\/\",\"url\":\"https:\/\/turkakim.com.tr\/wp-content\/uploads\/2024\/04\/TurkAkim-Yatay_Logo.png\",\"contentUrl\":\"https:\/\/turkakim.com.tr\/wp-content\/uploads\/2024\/04\/TurkAkim-Yatay_Logo.png\",\"width\":1200,\"height\":675,\"caption\":\"T\u00fcrkAk\u0131m\"},\"image\":{\"@id\":\"https:\/\/turkakim.com.tr\/#\/schema\/logo\/image\/\"}}]}<\/script>\n<!-- \/ Yoast SEO plugin. -->","yoast_head_json":{"title":"\u00c7EREZ AYDINLATMA METN\u0130 - T&uuml;rkAk\u0131m","robots":{"index":"index","follow":"follow","max-snippet":"max-snippet:-1","max-image-preview":"max-image-preview:large","max-video-preview":"max-video-preview:-1"},"canonical":"https:\/\/turkakim.com.tr\/ru\/cerez-aydinlatma-metni\/","og_locale":"ru_RU","og_type":"article","og_title":"\u00c7EREZ AYDINLATMA METN\u0130 - T&uuml;rkAk\u0131m","og_description":"\u0130\u015fbu \u00c7erez Ayd\u0131nlatma Metni, 6698 say\u0131l\u0131 Ki\u015fisel Verilerin Korunmas\u0131 Kanunu\u2019nun (\u201cKanun\u201d) 10. maddesi ile Ayd\u0131nlatma Y\u00fck\u00fcml\u00fcl\u00fc\u011f\u00fcn\u00fcn Yerine Getirilmesinde Uyulacak Usul ve Esaslar Hakk\u0131nda Tebli\u011f kapsam\u0131nda veri sorumlusu s\u0131fat\u0131ylaT\u00fcrkAk\u0131m Gaz Ta\u015f\u0131ma Anonim \u015eirketi (\u201cT\u00fcrkAk\u0131m\u201d) taraf\u0131ndan haz\u0131rlanm\u0131\u015ft\u0131r. Bu metnin amac\u0131, internet sitemizde kullan\u0131lan \u00e7erezlerin cihaz\u0131n\u0131za yerle\u015ftirilmesi arac\u0131l\u0131\u011f\u0131yla otomatik yolla elde edilen ki\u015fisel verilerinizin i\u015flenmesine ili\u015fkin olarak hangi&hellip;&nbsp;\u041f\u043e\u0434\u0440\u043e\u0431\u043d\u0435\u0435 &raquo;\u00c7EREZ AYDINLATMA METN\u0130","og_url":"https:\/\/turkakim.com.tr\/ru\/cerez-aydinlatma-metni\/","og_site_name":"T&uuml;rkAk\u0131m","article_modified_time":"2025-02-19T22:45:05+00:00","og_image":[{"width":1200,"height":675,"url":"https:\/\/turkakim.com.tr\/wp-content\/uploads\/2024\/04\/TurkAkim-Yatay_Logo.png","type":"image\/png"}],"twitter_card":"summary_large_image","twitter_misc":{"\u041f\u0440\u0438\u043c\u0435\u0440\u043d\u043e\u0435 \u0432\u0440\u0435\u043c\u044f \u0434\u043b\u044f \u0447\u0442\u0435\u043d\u0438\u044f":"4 \u043c\u0438\u043d\u0443\u0442\u044b"},"schema":{"@context":"https:\/\/schema.org","@graph":[{"@type":"WebPage","@id":"https:\/\/turkakim.com.tr\/cerez-aydinlatma-metni\/","url":"https:\/\/turkakim.com.tr\/cerez-aydinlatma-metni\/","name":"\u00c7EREZ AYDINLATMA METN\u0130 - T&uuml;rkAk\u0131m","isPartOf":{"@id":"https:\/\/turkakim.com.tr\/#website"},"datePublished":"2025-02-19T22:45:04+00:00","dateModified":"2025-02-19T22:45:05+00:00","breadcrumb":{"@id":"https:\/\/turkakim.com.tr\/cerez-aydinlatma-metni\/#breadcrumb"},"inLanguage":"ru-RU","potentialAction":[{"@type":"ReadAction","target":["https:\/\/turkakim.com.tr\/cerez-aydinlatma-metni\/"]}]},{"@type":"BreadcrumbList","@id":"https:\/\/turkakim.com.tr\/cerez-aydinlatma-metni\/#breadcrumb","itemListElement":[{"@type":"ListItem","position":1,"name":"Home","item":"https:\/\/turkakim.com.tr\/"},{"@type":"ListItem","position":2,"name":"\u00c7EREZ AYDINLATMA METN\u0130"}]},{"@type":"WebSite","@id":"https:\/\/turkakim.com.tr\/#website","url":"https:\/\/turkakim.com.tr\/","name":"T\u00fcrkAk\u0131m Gaz Ta\u015f\u0131ma A.\u015e.","description":"T&uuml;rkAk\u0131m Gaz Ta\u015f\u0131ma A.\u015e.","publisher":{"@id":"https:\/\/turkakim.com.tr\/#organization"},"alternateName":"T\u00fcrkAk\u0131m Gaz Ta\u015f\u0131ma A.\u015e.","potentialAction":[{"@type":"SearchAction","target":{"@type":"EntryPoint","urlTemplate":"https:\/\/turkakim.com.tr\/?s={search_term_string}"},"query-input":{"@type":"PropertyValueSpecification","valueRequired":true,"valueName":"search_term_string"}}],"inLanguage":"ru-RU"},{"@type":"Organization","@id":"https:\/\/turkakim.com.tr\/#organization","name":"T\u00fcrkAk\u0131m","url":"https:\/\/turkakim.com.tr\/","logo":{"@type":"ImageObject","inLanguage":"ru-RU","@id":"https:\/\/turkakim.com.tr\/#\/schema\/logo\/image\/","url":"https:\/\/turkakim.com.tr\/wp-content\/uploads\/2024\/04\/TurkAkim-Yatay_Logo.png","contentUrl":"https:\/\/turkakim.com.tr\/wp-content\/uploads\/2024\/04\/TurkAkim-Yatay_Logo.png","width":1200,"height":675,"caption":"T\u00fcrkAk\u0131m"},"image":{"@id":"https:\/\/turkakim.com.tr\/#\/schema\/logo\/image\/"}}]}},"uagb_featured_image_src":{"full":false,"thumbnail":false,"medium":false,"medium_large":false,"large":false,"1536x1536":false,"2048x2048":false,"trp-custom-language-flag":false,"neve-blog":false},"uagb_author_info":{"display_name":"admin","author_link":"https:\/\/turkakim.com.tr\/ru\/author\/admin\/"},"uagb_comment_info":0,"uagb_excerpt":"\u0130\u015fbu \u00c7erez Ayd\u0131nlatma Metni, 6698 say\u0131l\u0131 Ki\u015fisel Verilerin Korunmas\u0131 Kanunu\u2019nun (\u201cKanun\u201d) 10. maddesi ile Ayd\u0131nlatma Y\u00fck\u00fcml\u00fcl\u00fc\u011f\u00fcn\u00fcn Yerine Getirilmesinde Uyulacak Usul ve Esaslar Hakk\u0131nda Tebli\u011f kapsam\u0131nda veri sorumlusu s\u0131fat\u0131ylaT\u00fcrkAk\u0131m Gaz Ta\u015f\u0131ma Anonim \u015eirketi (\u201cT\u00fcrkAk\u0131m\u201d) taraf\u0131ndan haz\u0131rlanm\u0131\u015ft\u0131r. Bu metnin amac\u0131, internet sitemizde kullan\u0131lan \u00e7erezlerin cihaz\u0131n\u0131za yerle\u015ftirilmesi arac\u0131l\u0131\u011f\u0131yla otomatik yolla elde edilen ki\u015fisel verilerinizin i\u015flenmesine ili\u015fkin olarak hangi&hellip;&nbsp;\u041f\u043e\u0434\u0440\u043e\u0431\u043d\u0435\u0435&hellip;","_links":{"self":[{"href":"https:\/\/turkakim.com.tr\/ru\/wp-json\/wp\/v2\/pages\/793"}],"collection":[{"href":"https:\/\/turkakim.com.tr\/ru\/wp-json\/wp\/v2\/pages"}],"about":[{"href":"https:\/\/turkakim.com.tr\/ru\/wp-json\/wp\/v2\/types\/page"}],"author":[{"embeddable":true,"href":"https:\/\/turkakim.com.tr\/ru\/wp-json\/wp\/v2\/users\/1"}],"replies":[{"embeddable":true,"href":"https:\/\/turkakim.com.tr\/ru\/wp-json\/wp\/v2\/comments?post=793"}],"version-history":[{"count":2,"href":"https:\/\/turkakim.com.tr\/ru\/wp-json\/wp\/v2\/pages\/793\/revisions"}],"predecessor-version":[{"id":795,"href":"https:\/\/turkakim.com.tr\/ru\/wp-json\/wp\/v2\/pages\/793\/revisions\/795"}],"wp:attachment":[{"href":"https:\/\/turkakim.com.tr\/ru\/wp-json\/wp\/v2\/media?parent=793"}],"curies":[{"name":"wp","href":"https:\/\/api.w.org\/{rel}","templated":true}]}}