{"id":416,"date":"2024-03-27T22:24:14","date_gmt":"2024-03-27T22:24:14","guid":{"rendered":"http:\/\/turkakim.com.tr\/?page_id=416"},"modified":"2024-04-04T19:57:22","modified_gmt":"2024-04-04T19:57:22","slug":"technical-description","status":"publish","type":"page","link":"https:\/\/turkakim.com.tr\/tr\/technical-description\/","title":{"rendered":""},"content":{"rendered":"<div class=\"wp-block-cover alignfull is-light\" style=\"min-height:107px;aspect-ratio:unset;\"><span aria-hidden=\"true\" class=\"wp-block-cover__background has-background-dim-100 has-background-dim\" style=\"background-color:#ffffff\"><\/span><div class=\"wp-block-cover__inner-container is-layout-flow wp-block-cover-is-layout-flow\">\n<p class=\"has-text-align-center has-large-font-size\"><\/p>\n<\/div><\/div>\n\n\n\n<div class=\"wp-block-cover alignfull\" style=\"min-height:600px;aspect-ratio:unset;\"><span aria-hidden=\"true\" class=\"wp-block-cover__background has-nv-light-bg-background-color has-background-dim-100 has-background-dim\"><\/span><div class=\"wp-block-cover__inner-container is-layout-flow wp-block-cover-is-layout-flow\">\n<div class=\"wp-block-group\"><div class=\"wp-block-group__inner-container is-layout-flow wp-block-group-is-layout-flow\">\n<div style=\"height:80px\" aria-hidden=\"true\" class=\"wp-block-spacer\"><\/div>\n\n\n\n<div class=\"wp-block-columns are-vertically-aligned-center has-neve-text-color-color has-text-color is-layout-flex wp-container-core-columns-is-layout-1 wp-block-columns-is-layout-flex\">\n<div class=\"wp-block-column is-vertically-aligned-center is-layout-flow wp-block-column-is-layout-flow\" style=\"flex-basis:50%\"><div class=\"wp-block-image\">\n<figure class=\"alignright size-full\"><img loading=\"lazy\" decoding=\"async\" width=\"820\" height=\"460\" src=\"http:\/\/turkakim.com.tr\/wp-content\/uploads\/2024\/03\/technical-description-image.gif\" alt=\"\" class=\"wp-image-614\"\/><\/figure><\/div><\/div>\n\n\n\n<div class=\"wp-block-column is-vertically-aligned-center is-layout-flow wp-block-column-is-layout-flow\" style=\"flex-basis:50%\">\n<h2 class=\"wp-block-heading has-neve-text-color-color has-text-color\">Teknik A\u00e7\u0131klama<\/h2>\n\n\n\n<p class=\"has-neve-text-color-color has-text-color\">142 km uzunlu\u011funda, 48\u2033 \u00e7ap\u0131nda olan T\u00fcrkAk\u0131m Kara B\u00f6l\u00fcm\u00fc 2 Boru Hatt\u0131; Al\u0131m Terminalinden ba\u015flayarak Bulgaristan-T\u00fcrkiye s\u0131n\u0131r\u0131na kadar devam eder.<\/p>\n\n\n\n<p class=\"has-neve-text-color-color has-text-color\"><\/p>\n<\/div>\n<\/div>\n\n\n\n<div style=\"height:40px\" aria-hidden=\"true\" class=\"wp-block-spacer\"><\/div>\n<\/div><\/div>\n<\/div><\/div>\n\n\n\n<p><\/p>\n\n\n\n<div class=\"wp-block-cover alignfull is-light\" style=\"min-height:107px;aspect-ratio:unset;\"><span aria-hidden=\"true\" class=\"wp-block-cover__background has-background-dim-100 has-background-dim\" style=\"background-color:#ffffff\"><\/span><div class=\"wp-block-cover__inner-container is-layout-flow wp-block-cover-is-layout-flow\">\n<p class=\"has-text-align-center has-large-font-size\"><\/p>\n<\/div><\/div>","protected":false},"excerpt":{"rendered":"","protected":false},"author":1,"featured_media":0,"parent":0,"menu_order":0,"comment_status":"closed","ping_status":"closed","template":"","meta":{"_uag_custom_page_level_css":"","neve_meta_sidebar":"","neve_meta_container":"","neve_meta_enable_content_width":"","neve_meta_content_width":0,"neve_meta_title_alignment":"","neve_meta_author_avatar":"","neve_post_elements_order":"","neve_meta_disable_header":"","neve_meta_disable_footer":"","neve_meta_disable_title":"","footnotes":""},"yoast_head":"<!-- This site is optimized with the Yoast SEO plugin v24.5 - https:\/\/yoast.com\/wordpress\/plugins\/seo\/ -->\n<title>Technical Description - T&uuml;rkAk\u0131m<\/title>\n<meta name=\"description\" content=\"TurkStream Onshore Section 2 Pipeline with 142-km length with a diameter of 48\u2033; starts from the Receiving Terminal and goes to Bulgaria\u2013T\u00fcrkiye border.\" \/>\n<meta name=\"robots\" content=\"index, follow, max-snippet:-1, max-image-preview:large, max-video-preview:-1\" \/>\n<link rel=\"canonical\" href=\"https:\/\/turkakim.com.tr\/tr\/technical-description\/\" \/>\n<meta property=\"og:locale\" content=\"tr_TR\" \/>\n<meta property=\"og:type\" content=\"article\" \/>\n<meta property=\"og:title\" content=\"Technical Description - T&uuml;rkAk\u0131m\" \/>\n<meta property=\"og:description\" content=\"TurkStream Onshore Section 2 Pipeline with 142-km length with a diameter of 48\u2033; starts from the Receiving Terminal and goes to Bulgaria\u2013T\u00fcrkiye border.\" \/>\n<meta property=\"og:url\" content=\"https:\/\/turkakim.com.tr\/tr\/technical-description\/\" \/>\n<meta property=\"og:site_name\" content=\"T&uuml;rkAk\u0131m\" \/>\n<meta property=\"article:modified_time\" content=\"2024-04-04T19:57:22+00:00\" \/>\n<meta property=\"og:image\" content=\"https:\/\/turkakim.com.tr\/wp-content\/uploads\/2024\/04\/TurkAkim-Yatay_Logo.png\" \/>\n\t<meta property=\"og:image:width\" content=\"1200\" \/>\n\t<meta property=\"og:image:height\" content=\"675\" \/>\n\t<meta property=\"og:image:type\" content=\"image\/png\" \/>\n<meta name=\"twitter:card\" content=\"summary_large_image\" \/>\n<meta name=\"twitter:label1\" content=\"Tahmini okuma s\u00fcresi\" \/>\n\t<meta name=\"twitter:data1\" content=\"1 dakika\" \/>\n<script type=\"application\/ld+json\" class=\"yoast-schema-graph\">{\"@context\":\"https:\/\/schema.org\",\"@graph\":[{\"@type\":\"WebPage\",\"@id\":\"https:\/\/turkakim.com.tr\/technical-description\/\",\"url\":\"https:\/\/turkakim.com.tr\/technical-description\/\",\"name\":\"Technical Description - T&uuml;rkAk\u0131m\",\"isPartOf\":{\"@id\":\"https:\/\/turkakim.com.tr\/#website\"},\"datePublished\":\"2024-03-27T22:24:14+00:00\",\"dateModified\":\"2024-04-04T19:57:22+00:00\",\"description\":\"TurkStream Onshore Section 2 Pipeline with 142-km length with a diameter of 48\u2033; starts from the Receiving Terminal and goes to Bulgaria\u2013T\u00fcrkiye border.\",\"inLanguage\":\"tr\",\"potentialAction\":[{\"@type\":\"ReadAction\",\"target\":[\"https:\/\/turkakim.com.tr\/technical-description\/\"]}]},{\"@type\":\"WebSite\",\"@id\":\"https:\/\/turkakim.com.tr\/#website\",\"url\":\"https:\/\/turkakim.com.tr\/\",\"name\":\"T\u00fcrkAk\u0131m Gaz Ta\u015f\u0131ma A.\u015e.\",\"description\":\"T&uuml;rkAk\u0131m Gaz Ta\u015f\u0131ma A.\u015e.\",\"publisher\":{\"@id\":\"https:\/\/turkakim.com.tr\/#organization\"},\"alternateName\":\"T\u00fcrkAk\u0131m Gaz Ta\u015f\u0131ma A.\u015e.\",\"potentialAction\":[{\"@type\":\"SearchAction\",\"target\":{\"@type\":\"EntryPoint\",\"urlTemplate\":\"https:\/\/turkakim.com.tr\/?s={search_term_string}\"},\"query-input\":{\"@type\":\"PropertyValueSpecification\",\"valueRequired\":true,\"valueName\":\"search_term_string\"}}],\"inLanguage\":\"tr\"},{\"@type\":\"Organization\",\"@id\":\"https:\/\/turkakim.com.tr\/#organization\",\"name\":\"T\u00fcrkAk\u0131m\",\"url\":\"https:\/\/turkakim.com.tr\/\",\"logo\":{\"@type\":\"ImageObject\",\"inLanguage\":\"tr\",\"@id\":\"https:\/\/turkakim.com.tr\/#\/schema\/logo\/image\/\",\"url\":\"https:\/\/turkakim.com.tr\/wp-content\/uploads\/2024\/04\/TurkAkim-Yatay_Logo.png\",\"contentUrl\":\"https:\/\/turkakim.com.tr\/wp-content\/uploads\/2024\/04\/TurkAkim-Yatay_Logo.png\",\"width\":1200,\"height\":675,\"caption\":\"T\u00fcrkAk\u0131m\"},\"image\":{\"@id\":\"https:\/\/turkakim.com.tr\/#\/schema\/logo\/image\/\"}}]}<\/script>\n<!-- \/ Yoast SEO plugin. -->","yoast_head_json":{"title":"Technical Description - T&uuml;rkAk\u0131m","description":"TurkStream Onshore Section 2 Pipeline with 142-km length with a diameter of 48\u2033; starts from the Receiving Terminal and goes to Bulgaria\u2013T\u00fcrkiye border.","robots":{"index":"index","follow":"follow","max-snippet":"max-snippet:-1","max-image-preview":"max-image-preview:large","max-video-preview":"max-video-preview:-1"},"canonical":"https:\/\/turkakim.com.tr\/tr\/technical-description\/","og_locale":"tr_TR","og_type":"article","og_title":"Technical Description - T&uuml;rkAk\u0131m","og_description":"TurkStream Onshore Section 2 Pipeline with 142-km length with a diameter of 48\u2033; starts from the Receiving Terminal and goes to Bulgaria\u2013T\u00fcrkiye border.","og_url":"https:\/\/turkakim.com.tr\/tr\/technical-description\/","og_site_name":"T&uuml;rkAk\u0131m","article_modified_time":"2024-04-04T19:57:22+00:00","og_image":[{"width":1200,"height":675,"url":"https:\/\/turkakim.com.tr\/wp-content\/uploads\/2024\/04\/TurkAkim-Yatay_Logo.png","type":"image\/png"}],"twitter_card":"summary_large_image","twitter_misc":{"Tahmini okuma s\u00fcresi":"1 dakika"},"schema":{"@context":"https:\/\/schema.org","@graph":[{"@type":"WebPage","@id":"https:\/\/turkakim.com.tr\/technical-description\/","url":"https:\/\/turkakim.com.tr\/technical-description\/","name":"Technical Description - T&uuml;rkAk\u0131m","isPartOf":{"@id":"https:\/\/turkakim.com.tr\/#website"},"datePublished":"2024-03-27T22:24:14+00:00","dateModified":"2024-04-04T19:57:22+00:00","description":"TurkStream Onshore Section 2 Pipeline with 142-km length with a diameter of 48\u2033; starts from the Receiving Terminal and goes to Bulgaria\u2013T\u00fcrkiye border.","inLanguage":"tr","potentialAction":[{"@type":"ReadAction","target":["https:\/\/turkakim.com.tr\/technical-description\/"]}]},{"@type":"WebSite","@id":"https:\/\/turkakim.com.tr\/#website","url":"https:\/\/turkakim.com.tr\/","name":"T\u00fcrkAk\u0131m Gaz Ta\u015f\u0131ma A.\u015e.","description":"T&uuml;rkAk\u0131m Gaz Ta\u015f\u0131ma A.\u015e.","publisher":{"@id":"https:\/\/turkakim.com.tr\/#organization"},"alternateName":"T\u00fcrkAk\u0131m Gaz Ta\u015f\u0131ma A.\u015e.","potentialAction":[{"@type":"SearchAction","target":{"@type":"EntryPoint","urlTemplate":"https:\/\/turkakim.com.tr\/?s={search_term_string}"},"query-input":{"@type":"PropertyValueSpecification","valueRequired":true,"valueName":"search_term_string"}}],"inLanguage":"tr"},{"@type":"Organization","@id":"https:\/\/turkakim.com.tr\/#organization","name":"T\u00fcrkAk\u0131m","url":"https:\/\/turkakim.com.tr\/","logo":{"@type":"ImageObject","inLanguage":"tr","@id":"https:\/\/turkakim.com.tr\/#\/schema\/logo\/image\/","url":"https:\/\/turkakim.com.tr\/wp-content\/uploads\/2024\/04\/TurkAkim-Yatay_Logo.png","contentUrl":"https:\/\/turkakim.com.tr\/wp-content\/uploads\/2024\/04\/TurkAkim-Yatay_Logo.png","width":1200,"height":675,"caption":"T\u00fcrkAk\u0131m"},"image":{"@id":"https:\/\/turkakim.com.tr\/#\/schema\/logo\/image\/"}}]}},"uagb_featured_image_src":{"full":false,"thumbnail":false,"medium":false,"medium_large":false,"large":false,"1536x1536":false,"2048x2048":false,"trp-custom-language-flag":false,"neve-blog":false},"uagb_author_info":{"display_name":"admin","author_link":"https:\/\/turkakim.com.tr\/tr\/author\/admin\/"},"uagb_comment_info":0,"uagb_excerpt":null,"_links":{"self":[{"href":"https:\/\/turkakim.com.tr\/tr\/wp-json\/wp\/v2\/pages\/416"}],"collection":[{"href":"https:\/\/turkakim.com.tr\/tr\/wp-json\/wp\/v2\/pages"}],"about":[{"href":"https:\/\/turkakim.com.tr\/tr\/wp-json\/wp\/v2\/types\/page"}],"author":[{"embeddable":true,"href":"https:\/\/turkakim.com.tr\/tr\/wp-json\/wp\/v2\/users\/1"}],"replies":[{"embeddable":true,"href":"https:\/\/turkakim.com.tr\/tr\/wp-json\/wp\/v2\/comments?post=416"}],"version-history":[{"count":16,"href":"https:\/\/turkakim.com.tr\/tr\/wp-json\/wp\/v2\/pages\/416\/revisions"}],"predecessor-version":[{"id":753,"href":"https:\/\/turkakim.com.tr\/tr\/wp-json\/wp\/v2\/pages\/416\/revisions\/753"}],"wp:attachment":[{"href":"https:\/\/turkakim.com.tr\/tr\/wp-json\/wp\/v2\/media?parent=416"}],"curies":[{"name":"wp","href":"https:\/\/api.w.org\/{rel}","templated":true}]}}