{"id":478,"date":"2024-03-28T00:07:43","date_gmt":"2024-03-28T00:07:43","guid":{"rendered":"http:\/\/turkakim.com.tr\/?page_id=478"},"modified":"2024-04-04T19:56:54","modified_gmt":"2024-04-04T19:56:54","slug":"mission-and-vision","status":"publish","type":"page","link":"https:\/\/turkakim.com.tr\/tr\/mission-and-vision\/","title":{"rendered":""},"content":{"rendered":"<div style=\"height:100px\" aria-hidden=\"true\" class=\"wp-block-spacer\"><\/div>\n\n\n\n<div class=\"wp-block-cover alignfull\" style=\"min-height:600px;aspect-ratio:unset;\"><span aria-hidden=\"true\" class=\"wp-block-cover__background has-nv-light-bg-background-color has-background-dim-100 has-background-dim\"><\/span><div class=\"wp-block-cover__inner-container is-layout-flow wp-block-cover-is-layout-flow\">\n<div class=\"wp-block-group\"><div class=\"wp-block-group__inner-container is-layout-flow wp-block-group-is-layout-flow\">\n<div style=\"height:80px\" aria-hidden=\"true\" class=\"wp-block-spacer\"><\/div>\n\n\n\n<div class=\"wp-block-columns are-vertically-aligned-center has-neve-text-color-color has-text-color is-layout-flex wp-container-core-columns-is-layout-1 wp-block-columns-is-layout-flex\">\n<div class=\"wp-block-column is-vertically-aligned-center is-layout-flow wp-block-column-is-layout-flow\" style=\"flex-basis:50%\">\n<div class=\"wp-block-uagb-image alignright uagb-block-005000cf wp-block-uagb-image--layout-overlay wp-block-uagb-image--effect-static wp-block-uagb-image--align-right\"><figure class=\"wp-block-uagb-image__figure\"><img decoding=\"async\"  sizes=\"(max-width: 480px) 150px\" src=\"http:\/\/turkakim.com.tr\/wp-content\/uploads\/2024\/03\/mission-and-vision-image.jpg\" alt=\"\" width=\"800\" height=\"600\" title=\"\" loading=\"lazy\" role=\"img\"\/><div class=\"wp-block-uagb-image--layout-overlay__color-wrapper\"><\/div><div class=\"wp-block-uagb-image--layout-overlay__inner center-center\"><\/div><\/figure><\/div>\n<\/div>\n\n\n\n<div class=\"wp-block-column is-vertically-aligned-center is-layout-flow wp-block-column-is-layout-flow\" style=\"flex-basis:50%\">\n<h2 class=\"wp-block-heading has-neve-text-color-color has-text-color\"><strong>Misyon ve Vizyon<\/strong><\/h2>\n\n\n\n<p class=\"has-neve-text-color-color has-text-color\"><strong>Misyonumuz<br><\/strong>Ensure transit of Russian gas through the Republic of T\u00fcrkiye to the countries bordering the Republic of Turkey.<\/p>\n\n\n\n<p class=\"has-neve-text-color-color has-text-color\"><strong>Vizyonumuz<br><\/strong>I. Gaz transit tesislerinin sa\u011fl\u0131kl\u0131 i\u015fletilmesini ve bak\u0131m\u0131n\u0131 sa\u011flamak,<br>II. \u0130nsan kayna\u011f\u0131n\u0131 yeti\u015ftirmek,<br>III. Planlamay\u0131 geli\u015ftirmek,<br>IV. Sekt\u00f6r uygulamalar\u0131na dayal\u0131 \u00e7al\u0131\u015fma standartlar\u0131n\u0131 geli\u015ftirmek,<br>V. Kurumsal ve finansal i\u015flemleri \u015firketin ve hissedarlar\u0131n yarar\u0131na optimize etmek.<\/p>\n<\/div>\n<\/div>\n\n\n\n<div style=\"height:40px\" aria-hidden=\"true\" class=\"wp-block-spacer\"><\/div>\n<\/div><\/div>\n<\/div><\/div>","protected":false},"excerpt":{"rendered":"","protected":false},"author":1,"featured_media":0,"parent":0,"menu_order":0,"comment_status":"closed","ping_status":"closed","template":"","meta":{"_uag_custom_page_level_css":"","neve_meta_sidebar":"","neve_meta_container":"","neve_meta_enable_content_width":"","neve_meta_content_width":0,"neve_meta_title_alignment":"","neve_meta_author_avatar":"","neve_post_elements_order":"","neve_meta_disable_header":"","neve_meta_disable_footer":"","neve_meta_disable_title":"","footnotes":""},"yoast_head":"<!-- This site is optimized with the Yoast SEO plugin v24.5 - https:\/\/yoast.com\/wordpress\/plugins\/seo\/ -->\n<title>Mission and Vision - T&uuml;rkAk\u0131m<\/title>\n<meta name=\"description\" content=\"Ensure transit of Russian gas through the Republic of T\u00fcrkiye to the countries bordering the Republic of Turkey.\" \/>\n<meta name=\"robots\" content=\"index, follow, max-snippet:-1, max-image-preview:large, max-video-preview:-1\" \/>\n<link rel=\"canonical\" href=\"https:\/\/turkakim.com.tr\/tr\/mission-and-vision\/\" \/>\n<meta property=\"og:locale\" content=\"tr_TR\" \/>\n<meta property=\"og:type\" content=\"article\" \/>\n<meta property=\"og:title\" content=\"Mission and Vision - T&uuml;rkAk\u0131m\" \/>\n<meta property=\"og:description\" content=\"Ensure transit of Russian gas through the Republic of T\u00fcrkiye to the countries bordering the Republic of Turkey.\" \/>\n<meta property=\"og:url\" content=\"https:\/\/turkakim.com.tr\/tr\/mission-and-vision\/\" \/>\n<meta property=\"og:site_name\" content=\"T&uuml;rkAk\u0131m\" \/>\n<meta property=\"article:modified_time\" content=\"2024-04-04T19:56:54+00:00\" \/>\n<meta property=\"og:image\" content=\"http:\/\/turkakim.com.tr\/wp-content\/uploads\/2024\/03\/mission-and-vision-image.jpg\" \/>\n<meta name=\"twitter:card\" content=\"summary_large_image\" \/>\n<meta name=\"twitter:label1\" content=\"Tahmini okuma s\u00fcresi\" \/>\n\t<meta name=\"twitter:data1\" content=\"1 dakika\" \/>\n<script type=\"application\/ld+json\" class=\"yoast-schema-graph\">{\"@context\":\"https:\/\/schema.org\",\"@graph\":[{\"@type\":\"WebPage\",\"@id\":\"https:\/\/turkakim.com.tr\/mission-and-vision\/\",\"url\":\"https:\/\/turkakim.com.tr\/mission-and-vision\/\",\"name\":\"Mission and Vision - T&uuml;rkAk\u0131m\",\"isPartOf\":{\"@id\":\"https:\/\/turkakim.com.tr\/#website\"},\"primaryImageOfPage\":{\"@id\":\"https:\/\/turkakim.com.tr\/mission-and-vision\/#primaryimage\"},\"image\":{\"@id\":\"https:\/\/turkakim.com.tr\/mission-and-vision\/#primaryimage\"},\"thumbnailUrl\":\"http:\/\/turkakim.com.tr\/wp-content\/uploads\/2024\/03\/mission-and-vision-image.jpg\",\"datePublished\":\"2024-03-28T00:07:43+00:00\",\"dateModified\":\"2024-04-04T19:56:54+00:00\",\"description\":\"Ensure transit of Russian gas through the Republic of T\u00fcrkiye to the countries bordering the Republic of Turkey.\",\"inLanguage\":\"tr\",\"potentialAction\":[{\"@type\":\"ReadAction\",\"target\":[\"https:\/\/turkakim.com.tr\/mission-and-vision\/\"]}]},{\"@type\":\"ImageObject\",\"inLanguage\":\"tr\",\"@id\":\"https:\/\/turkakim.com.tr\/mission-and-vision\/#primaryimage\",\"url\":\"http:\/\/turkakim.com.tr\/wp-content\/uploads\/2024\/03\/mission-and-vision-image.jpg\",\"contentUrl\":\"http:\/\/turkakim.com.tr\/wp-content\/uploads\/2024\/03\/mission-and-vision-image.jpg\"},{\"@type\":\"WebSite\",\"@id\":\"https:\/\/turkakim.com.tr\/#website\",\"url\":\"https:\/\/turkakim.com.tr\/\",\"name\":\"T\u00fcrkAk\u0131m Gaz Ta\u015f\u0131ma A.\u015e.\",\"description\":\"T&uuml;rkAk\u0131m Gaz Ta\u015f\u0131ma A.\u015e.\",\"publisher\":{\"@id\":\"https:\/\/turkakim.com.tr\/#organization\"},\"alternateName\":\"T\u00fcrkAk\u0131m Gaz Ta\u015f\u0131ma A.\u015e.\",\"potentialAction\":[{\"@type\":\"SearchAction\",\"target\":{\"@type\":\"EntryPoint\",\"urlTemplate\":\"https:\/\/turkakim.com.tr\/?s={search_term_string}\"},\"query-input\":{\"@type\":\"PropertyValueSpecification\",\"valueRequired\":true,\"valueName\":\"search_term_string\"}}],\"inLanguage\":\"tr\"},{\"@type\":\"Organization\",\"@id\":\"https:\/\/turkakim.com.tr\/#organization\",\"name\":\"T\u00fcrkAk\u0131m\",\"url\":\"https:\/\/turkakim.com.tr\/\",\"logo\":{\"@type\":\"ImageObject\",\"inLanguage\":\"tr\",\"@id\":\"https:\/\/turkakim.com.tr\/#\/schema\/logo\/image\/\",\"url\":\"https:\/\/turkakim.com.tr\/wp-content\/uploads\/2024\/04\/TurkAkim-Yatay_Logo.png\",\"contentUrl\":\"https:\/\/turkakim.com.tr\/wp-content\/uploads\/2024\/04\/TurkAkim-Yatay_Logo.png\",\"width\":1200,\"height\":675,\"caption\":\"T\u00fcrkAk\u0131m\"},\"image\":{\"@id\":\"https:\/\/turkakim.com.tr\/#\/schema\/logo\/image\/\"}}]}<\/script>\n<!-- \/ Yoast SEO plugin. -->","yoast_head_json":{"title":"Mission and Vision - T&uuml;rkAk\u0131m","description":"Ensure transit of Russian gas through the Republic of T\u00fcrkiye to the countries bordering the Republic of Turkey.","robots":{"index":"index","follow":"follow","max-snippet":"max-snippet:-1","max-image-preview":"max-image-preview:large","max-video-preview":"max-video-preview:-1"},"canonical":"https:\/\/turkakim.com.tr\/tr\/mission-and-vision\/","og_locale":"tr_TR","og_type":"article","og_title":"Mission and Vision - T&uuml;rkAk\u0131m","og_description":"Ensure transit of Russian gas through the Republic of T\u00fcrkiye to the countries bordering the Republic of Turkey.","og_url":"https:\/\/turkakim.com.tr\/tr\/mission-and-vision\/","og_site_name":"T&uuml;rkAk\u0131m","article_modified_time":"2024-04-04T19:56:54+00:00","og_image":[{"url":"http:\/\/turkakim.com.tr\/wp-content\/uploads\/2024\/03\/mission-and-vision-image.jpg","type":"","width":"","height":""}],"twitter_card":"summary_large_image","twitter_misc":{"Tahmini okuma s\u00fcresi":"1 dakika"},"schema":{"@context":"https:\/\/schema.org","@graph":[{"@type":"WebPage","@id":"https:\/\/turkakim.com.tr\/mission-and-vision\/","url":"https:\/\/turkakim.com.tr\/mission-and-vision\/","name":"Mission and Vision - T&uuml;rkAk\u0131m","isPartOf":{"@id":"https:\/\/turkakim.com.tr\/#website"},"primaryImageOfPage":{"@id":"https:\/\/turkakim.com.tr\/mission-and-vision\/#primaryimage"},"image":{"@id":"https:\/\/turkakim.com.tr\/mission-and-vision\/#primaryimage"},"thumbnailUrl":"http:\/\/turkakim.com.tr\/wp-content\/uploads\/2024\/03\/mission-and-vision-image.jpg","datePublished":"2024-03-28T00:07:43+00:00","dateModified":"2024-04-04T19:56:54+00:00","description":"Ensure transit of Russian gas through the Republic of T\u00fcrkiye to the countries bordering the Republic of Turkey.","inLanguage":"tr","potentialAction":[{"@type":"ReadAction","target":["https:\/\/turkakim.com.tr\/mission-and-vision\/"]}]},{"@type":"ImageObject","inLanguage":"tr","@id":"https:\/\/turkakim.com.tr\/mission-and-vision\/#primaryimage","url":"http:\/\/turkakim.com.tr\/wp-content\/uploads\/2024\/03\/mission-and-vision-image.jpg","contentUrl":"http:\/\/turkakim.com.tr\/wp-content\/uploads\/2024\/03\/mission-and-vision-image.jpg"},{"@type":"WebSite","@id":"https:\/\/turkakim.com.tr\/#website","url":"https:\/\/turkakim.com.tr\/","name":"T\u00fcrkAk\u0131m Gaz Ta\u015f\u0131ma A.\u015e.","description":"T&uuml;rkAk\u0131m Gaz Ta\u015f\u0131ma A.\u015e.","publisher":{"@id":"https:\/\/turkakim.com.tr\/#organization"},"alternateName":"T\u00fcrkAk\u0131m Gaz Ta\u015f\u0131ma A.\u015e.","potentialAction":[{"@type":"SearchAction","target":{"@type":"EntryPoint","urlTemplate":"https:\/\/turkakim.com.tr\/?s={search_term_string}"},"query-input":{"@type":"PropertyValueSpecification","valueRequired":true,"valueName":"search_term_string"}}],"inLanguage":"tr"},{"@type":"Organization","@id":"https:\/\/turkakim.com.tr\/#organization","name":"T\u00fcrkAk\u0131m","url":"https:\/\/turkakim.com.tr\/","logo":{"@type":"ImageObject","inLanguage":"tr","@id":"https:\/\/turkakim.com.tr\/#\/schema\/logo\/image\/","url":"https:\/\/turkakim.com.tr\/wp-content\/uploads\/2024\/04\/TurkAkim-Yatay_Logo.png","contentUrl":"https:\/\/turkakim.com.tr\/wp-content\/uploads\/2024\/04\/TurkAkim-Yatay_Logo.png","width":1200,"height":675,"caption":"T\u00fcrkAk\u0131m"},"image":{"@id":"https:\/\/turkakim.com.tr\/#\/schema\/logo\/image\/"}}]}},"uagb_featured_image_src":{"full":false,"thumbnail":false,"medium":false,"medium_large":false,"large":false,"1536x1536":false,"2048x2048":false,"trp-custom-language-flag":false,"neve-blog":false},"uagb_author_info":{"display_name":"admin","author_link":"https:\/\/turkakim.com.tr\/tr\/author\/admin\/"},"uagb_comment_info":0,"uagb_excerpt":null,"_links":{"self":[{"href":"https:\/\/turkakim.com.tr\/tr\/wp-json\/wp\/v2\/pages\/478"}],"collection":[{"href":"https:\/\/turkakim.com.tr\/tr\/wp-json\/wp\/v2\/pages"}],"about":[{"href":"https:\/\/turkakim.com.tr\/tr\/wp-json\/wp\/v2\/types\/page"}],"author":[{"embeddable":true,"href":"https:\/\/turkakim.com.tr\/tr\/wp-json\/wp\/v2\/users\/1"}],"replies":[{"embeddable":true,"href":"https:\/\/turkakim.com.tr\/tr\/wp-json\/wp\/v2\/comments?post=478"}],"version-history":[{"count":20,"href":"https:\/\/turkakim.com.tr\/tr\/wp-json\/wp\/v2\/pages\/478\/revisions"}],"predecessor-version":[{"id":725,"href":"https:\/\/turkakim.com.tr\/tr\/wp-json\/wp\/v2\/pages\/478\/revisions\/725"}],"wp:attachment":[{"href":"https:\/\/turkakim.com.tr\/tr\/wp-json\/wp\/v2\/media?parent=478"}],"curies":[{"name":"wp","href":"https:\/\/api.w.org\/{rel}","templated":true}]}}