{"id":485,"date":"2024-03-28T00:11:44","date_gmt":"2024-03-28T00:11:44","guid":{"rendered":"http:\/\/turkakim.com.tr\/?page_id=485"},"modified":"2024-04-04T19:56:01","modified_gmt":"2024-04-04T19:56:01","slug":"health-safety-environmental-responsibility","status":"publish","type":"page","link":"https:\/\/turkakim.com.tr\/tr\/health-safety-environmental-responsibility\/","title":{"rendered":""},"content":{"rendered":"<div style=\"height:100px\" aria-hidden=\"true\" class=\"wp-block-spacer\"><\/div>\n\n\n\n<div class=\"wp-block-cover alignfull\" style=\"min-height:600px;aspect-ratio:unset;\"><span aria-hidden=\"true\" class=\"wp-block-cover__background has-nv-light-bg-background-color has-background-dim-100 has-background-dim\"><\/span><div class=\"wp-block-cover__inner-container is-layout-flow wp-block-cover-is-layout-flow\">\n<div class=\"wp-block-group\"><div class=\"wp-block-group__inner-container is-layout-flow wp-block-group-is-layout-flow\">\n<div style=\"height:80px\" aria-hidden=\"true\" class=\"wp-block-spacer\"><\/div>\n\n\n\n<div class=\"wp-block-columns are-vertically-aligned-center has-neve-text-color-color has-text-color is-layout-flex wp-container-core-columns-is-layout-1 wp-block-columns-is-layout-flex\">\n<div class=\"wp-block-column is-vertically-aligned-center is-layout-flow wp-block-column-is-layout-flow\" style=\"flex-basis:50%\"><div class=\"wp-block-image\">\n<figure class=\"alignright size-full\"><img loading=\"lazy\" decoding=\"async\" width=\"750\" height=\"455\" src=\"http:\/\/turkakim.com.tr\/wp-content\/uploads\/2024\/03\/Health-Safety-Environmental-Responsibility-Image.webp\" alt=\"\" class=\"wp-image-651\" srcset=\"https:\/\/turkakim.com.tr\/wp-content\/uploads\/2024\/03\/Health-Safety-Environmental-Responsibility-Image.webp 750w, https:\/\/turkakim.com.tr\/wp-content\/uploads\/2024\/03\/Health-Safety-Environmental-Responsibility-Image-300x182.webp 300w, https:\/\/turkakim.com.tr\/wp-content\/uploads\/2024\/03\/Health-Safety-Environmental-Responsibility-Image-18x12.webp 18w\" sizes=\"(max-width: 750px) 100vw, 750px\" \/><\/figure><\/div><\/div>\n\n\n\n<div class=\"wp-block-column is-vertically-aligned-center is-layout-flow wp-block-column-is-layout-flow\" style=\"flex-basis:50%\">\n<h2 class=\"wp-block-heading has-neve-text-color-color has-text-color\">Sa\u011fl\u0131k, G\u00fcvenlik &amp; \u00c7evre Sorumlulu\u011fu<\/h2>\n\n\n\n<p>\u00c7al\u0131\u015fanlar\u0131na sa\u011fl\u0131kl\u0131 bir ortam sa\u011flayan T\u00fcrkAk\u0131m, i\u015fyerlerinde kaza ve yaralanmalar\u0131 \u00f6nlemek i\u00e7in \u00f6nlemler al\u0131r, sa\u011fl\u0131k g\u00fcvenli\u011fi konusunda dan\u0131\u015fmanl\u0131k yapar, istikrarl\u0131 ve konforlu bir \u00e7al\u0131\u015fma ortam\u0131n\u0131n s\u00fcrd\u00fcr\u00fclmesi sorumlulu\u011funu \u00fcstlenir.<\/p>\n\n\n\n<p>T\u00fcrkAk\u0131m, ya\u015fam ko\u015fullar\u0131n\u0131 iyile\u015ftirmek ve gelecek nesillere daha iyi bir \u00e7evre sa\u011flamak i\u00e7in temiz enerji kullan\u0131m\u0131n\u0131 en \u00fcst d\u00fczeye \u00e7\u0131kartmay\u0131 ve karbon ayak izini en aza indirecek \u015fekilde geri d\u00f6n\u00fc\u015f\u00fcm\u00fc \u00f6n planda tutar.<\/p>\n<\/div>\n<\/div>\n\n\n\n<div style=\"height:40px\" aria-hidden=\"true\" class=\"wp-block-spacer\"><\/div>\n<\/div><\/div>\n<\/div><\/div>","protected":false},"excerpt":{"rendered":"","protected":false},"author":1,"featured_media":0,"parent":0,"menu_order":0,"comment_status":"closed","ping_status":"closed","template":"","meta":{"_uag_custom_page_level_css":"","neve_meta_sidebar":"","neve_meta_container":"","neve_meta_enable_content_width":"","neve_meta_content_width":0,"neve_meta_title_alignment":"","neve_meta_author_avatar":"","neve_post_elements_order":"","neve_meta_disable_header":"","neve_meta_disable_footer":"","neve_meta_disable_title":"","footnotes":""},"yoast_head":"<!-- This site is optimized with the Yoast SEO plugin v24.5 - https:\/\/yoast.com\/wordpress\/plugins\/seo\/ -->\n<title>Health, Safety &amp; Environmental Responsibility - T&uuml;rkAk\u0131m<\/title>\n<meta name=\"description\" content=\"T\u00fcrkAk\u0131m provides its employees with a sound and healthy atmosphere, takes precautions to prevent accidents and injuries at the workplaces, provides counsel on health safety and assumes responsibility for maintaining a stable and comfortable work environment.\" \/>\n<meta name=\"robots\" content=\"index, follow, max-snippet:-1, max-image-preview:large, max-video-preview:-1\" \/>\n<link rel=\"canonical\" href=\"https:\/\/turkakim.com.tr\/tr\/health-safety-environmental-responsibility\/\" \/>\n<meta property=\"og:locale\" content=\"tr_TR\" \/>\n<meta property=\"og:type\" content=\"article\" \/>\n<meta property=\"og:title\" content=\"Health, Safety &amp; Environmental Responsibility - T&uuml;rkAk\u0131m\" \/>\n<meta property=\"og:description\" content=\"T\u00fcrkAk\u0131m provides its employees with a sound and healthy atmosphere, takes precautions to prevent accidents and injuries at the workplaces, provides counsel on health safety and assumes responsibility for maintaining a stable and comfortable work environment.\" \/>\n<meta property=\"og:url\" content=\"https:\/\/turkakim.com.tr\/tr\/health-safety-environmental-responsibility\/\" \/>\n<meta property=\"og:site_name\" content=\"T&uuml;rkAk\u0131m\" \/>\n<meta property=\"article:modified_time\" content=\"2024-04-04T19:56:01+00:00\" \/>\n<meta property=\"og:image\" content=\"http:\/\/turkakim.com.tr\/wp-content\/uploads\/2024\/03\/Health-Safety-Environmental-Responsibility-Image.webp\" \/>\n<meta name=\"twitter:card\" content=\"summary_large_image\" \/>\n<meta name=\"twitter:label1\" content=\"Tahmini okuma s\u00fcresi\" \/>\n\t<meta name=\"twitter:data1\" content=\"1 dakika\" \/>\n<script type=\"application\/ld+json\" class=\"yoast-schema-graph\">{\"@context\":\"https:\/\/schema.org\",\"@graph\":[{\"@type\":\"WebPage\",\"@id\":\"https:\/\/turkakim.com.tr\/health-safety-environmental-responsibility\/\",\"url\":\"https:\/\/turkakim.com.tr\/health-safety-environmental-responsibility\/\",\"name\":\"Health, Safety & Environmental Responsibility - T&uuml;rkAk\u0131m\",\"isPartOf\":{\"@id\":\"https:\/\/turkakim.com.tr\/#website\"},\"primaryImageOfPage\":{\"@id\":\"https:\/\/turkakim.com.tr\/health-safety-environmental-responsibility\/#primaryimage\"},\"image\":{\"@id\":\"https:\/\/turkakim.com.tr\/health-safety-environmental-responsibility\/#primaryimage\"},\"thumbnailUrl\":\"http:\/\/turkakim.com.tr\/wp-content\/uploads\/2024\/03\/Health-Safety-Environmental-Responsibility-Image.webp\",\"datePublished\":\"2024-03-28T00:11:44+00:00\",\"dateModified\":\"2024-04-04T19:56:01+00:00\",\"description\":\"T\u00fcrkAk\u0131m provides its employees with a sound and healthy atmosphere, takes precautions to prevent accidents and injuries at the workplaces, provides counsel on health safety and assumes responsibility for maintaining a stable and comfortable work environment.\",\"inLanguage\":\"tr\",\"potentialAction\":[{\"@type\":\"ReadAction\",\"target\":[\"https:\/\/turkakim.com.tr\/health-safety-environmental-responsibility\/\"]}]},{\"@type\":\"ImageObject\",\"inLanguage\":\"tr\",\"@id\":\"https:\/\/turkakim.com.tr\/health-safety-environmental-responsibility\/#primaryimage\",\"url\":\"http:\/\/turkakim.com.tr\/wp-content\/uploads\/2024\/03\/Health-Safety-Environmental-Responsibility-Image.webp\",\"contentUrl\":\"http:\/\/turkakim.com.tr\/wp-content\/uploads\/2024\/03\/Health-Safety-Environmental-Responsibility-Image.webp\"},{\"@type\":\"WebSite\",\"@id\":\"https:\/\/turkakim.com.tr\/#website\",\"url\":\"https:\/\/turkakim.com.tr\/\",\"name\":\"T\u00fcrkAk\u0131m Gaz Ta\u015f\u0131ma A.\u015e.\",\"description\":\"T&uuml;rkAk\u0131m Gaz Ta\u015f\u0131ma A.\u015e.\",\"publisher\":{\"@id\":\"https:\/\/turkakim.com.tr\/#organization\"},\"alternateName\":\"T\u00fcrkAk\u0131m Gaz Ta\u015f\u0131ma A.\u015e.\",\"potentialAction\":[{\"@type\":\"SearchAction\",\"target\":{\"@type\":\"EntryPoint\",\"urlTemplate\":\"https:\/\/turkakim.com.tr\/?s={search_term_string}\"},\"query-input\":{\"@type\":\"PropertyValueSpecification\",\"valueRequired\":true,\"valueName\":\"search_term_string\"}}],\"inLanguage\":\"tr\"},{\"@type\":\"Organization\",\"@id\":\"https:\/\/turkakim.com.tr\/#organization\",\"name\":\"T\u00fcrkAk\u0131m\",\"url\":\"https:\/\/turkakim.com.tr\/\",\"logo\":{\"@type\":\"ImageObject\",\"inLanguage\":\"tr\",\"@id\":\"https:\/\/turkakim.com.tr\/#\/schema\/logo\/image\/\",\"url\":\"https:\/\/turkakim.com.tr\/wp-content\/uploads\/2024\/04\/TurkAkim-Yatay_Logo.png\",\"contentUrl\":\"https:\/\/turkakim.com.tr\/wp-content\/uploads\/2024\/04\/TurkAkim-Yatay_Logo.png\",\"width\":1200,\"height\":675,\"caption\":\"T\u00fcrkAk\u0131m\"},\"image\":{\"@id\":\"https:\/\/turkakim.com.tr\/#\/schema\/logo\/image\/\"}}]}<\/script>\n<!-- \/ Yoast SEO plugin. -->","yoast_head_json":{"title":"Health, Safety & Environmental Responsibility - T&uuml;rkAk\u0131m","description":"T\u00fcrkAk\u0131m provides its employees with a sound and healthy atmosphere, takes precautions to prevent accidents and injuries at the workplaces, provides counsel on health safety and assumes responsibility for maintaining a stable and comfortable work environment.","robots":{"index":"index","follow":"follow","max-snippet":"max-snippet:-1","max-image-preview":"max-image-preview:large","max-video-preview":"max-video-preview:-1"},"canonical":"https:\/\/turkakim.com.tr\/tr\/health-safety-environmental-responsibility\/","og_locale":"tr_TR","og_type":"article","og_title":"Health, Safety & Environmental Responsibility - T&uuml;rkAk\u0131m","og_description":"T\u00fcrkAk\u0131m provides its employees with a sound and healthy atmosphere, takes precautions to prevent accidents and injuries at the workplaces, provides counsel on health safety and assumes responsibility for maintaining a stable and comfortable work environment.","og_url":"https:\/\/turkakim.com.tr\/tr\/health-safety-environmental-responsibility\/","og_site_name":"T&uuml;rkAk\u0131m","article_modified_time":"2024-04-04T19:56:01+00:00","og_image":[{"url":"http:\/\/turkakim.com.tr\/wp-content\/uploads\/2024\/03\/Health-Safety-Environmental-Responsibility-Image.webp","type":"","width":"","height":""}],"twitter_card":"summary_large_image","twitter_misc":{"Tahmini okuma s\u00fcresi":"1 dakika"},"schema":{"@context":"https:\/\/schema.org","@graph":[{"@type":"WebPage","@id":"https:\/\/turkakim.com.tr\/health-safety-environmental-responsibility\/","url":"https:\/\/turkakim.com.tr\/health-safety-environmental-responsibility\/","name":"Health, Safety & Environmental Responsibility - T&uuml;rkAk\u0131m","isPartOf":{"@id":"https:\/\/turkakim.com.tr\/#website"},"primaryImageOfPage":{"@id":"https:\/\/turkakim.com.tr\/health-safety-environmental-responsibility\/#primaryimage"},"image":{"@id":"https:\/\/turkakim.com.tr\/health-safety-environmental-responsibility\/#primaryimage"},"thumbnailUrl":"http:\/\/turkakim.com.tr\/wp-content\/uploads\/2024\/03\/Health-Safety-Environmental-Responsibility-Image.webp","datePublished":"2024-03-28T00:11:44+00:00","dateModified":"2024-04-04T19:56:01+00:00","description":"T\u00fcrkAk\u0131m provides its employees with a sound and healthy atmosphere, takes precautions to prevent accidents and injuries at the workplaces, provides counsel on health safety and assumes responsibility for maintaining a stable and comfortable work environment.","inLanguage":"tr","potentialAction":[{"@type":"ReadAction","target":["https:\/\/turkakim.com.tr\/health-safety-environmental-responsibility\/"]}]},{"@type":"ImageObject","inLanguage":"tr","@id":"https:\/\/turkakim.com.tr\/health-safety-environmental-responsibility\/#primaryimage","url":"http:\/\/turkakim.com.tr\/wp-content\/uploads\/2024\/03\/Health-Safety-Environmental-Responsibility-Image.webp","contentUrl":"http:\/\/turkakim.com.tr\/wp-content\/uploads\/2024\/03\/Health-Safety-Environmental-Responsibility-Image.webp"},{"@type":"WebSite","@id":"https:\/\/turkakim.com.tr\/#website","url":"https:\/\/turkakim.com.tr\/","name":"T\u00fcrkAk\u0131m Gaz Ta\u015f\u0131ma A.\u015e.","description":"T&uuml;rkAk\u0131m Gaz Ta\u015f\u0131ma A.\u015e.","publisher":{"@id":"https:\/\/turkakim.com.tr\/#organization"},"alternateName":"T\u00fcrkAk\u0131m Gaz Ta\u015f\u0131ma A.\u015e.","potentialAction":[{"@type":"SearchAction","target":{"@type":"EntryPoint","urlTemplate":"https:\/\/turkakim.com.tr\/?s={search_term_string}"},"query-input":{"@type":"PropertyValueSpecification","valueRequired":true,"valueName":"search_term_string"}}],"inLanguage":"tr"},{"@type":"Organization","@id":"https:\/\/turkakim.com.tr\/#organization","name":"T\u00fcrkAk\u0131m","url":"https:\/\/turkakim.com.tr\/","logo":{"@type":"ImageObject","inLanguage":"tr","@id":"https:\/\/turkakim.com.tr\/#\/schema\/logo\/image\/","url":"https:\/\/turkakim.com.tr\/wp-content\/uploads\/2024\/04\/TurkAkim-Yatay_Logo.png","contentUrl":"https:\/\/turkakim.com.tr\/wp-content\/uploads\/2024\/04\/TurkAkim-Yatay_Logo.png","width":1200,"height":675,"caption":"T\u00fcrkAk\u0131m"},"image":{"@id":"https:\/\/turkakim.com.tr\/#\/schema\/logo\/image\/"}}]}},"uagb_featured_image_src":{"full":false,"thumbnail":false,"medium":false,"medium_large":false,"large":false,"1536x1536":false,"2048x2048":false,"trp-custom-language-flag":false,"neve-blog":false},"uagb_author_info":{"display_name":"admin","author_link":"https:\/\/turkakim.com.tr\/tr\/author\/admin\/"},"uagb_comment_info":0,"uagb_excerpt":null,"_links":{"self":[{"href":"https:\/\/turkakim.com.tr\/tr\/wp-json\/wp\/v2\/pages\/485"}],"collection":[{"href":"https:\/\/turkakim.com.tr\/tr\/wp-json\/wp\/v2\/pages"}],"about":[{"href":"https:\/\/turkakim.com.tr\/tr\/wp-json\/wp\/v2\/types\/page"}],"author":[{"embeddable":true,"href":"https:\/\/turkakim.com.tr\/tr\/wp-json\/wp\/v2\/users\/1"}],"replies":[{"embeddable":true,"href":"https:\/\/turkakim.com.tr\/tr\/wp-json\/wp\/v2\/comments?post=485"}],"version-history":[{"count":11,"href":"https:\/\/turkakim.com.tr\/tr\/wp-json\/wp\/v2\/pages\/485\/revisions"}],"predecessor-version":[{"id":752,"href":"https:\/\/turkakim.com.tr\/tr\/wp-json\/wp\/v2\/pages\/485\/revisions\/752"}],"wp:attachment":[{"href":"https:\/\/turkakim.com.tr\/tr\/wp-json\/wp\/v2\/media?parent=485"}],"curies":[{"name":"wp","href":"https:\/\/api.w.org\/{rel}","templated":true}]}}