{"id":489,"date":"2024-03-28T00:17:06","date_gmt":"2024-03-28T00:17:06","guid":{"rendered":"http:\/\/turkakim.com.tr\/?page_id=489"},"modified":"2024-05-24T17:55:26","modified_gmt":"2024-05-24T17:55:26","slug":"photo","status":"publish","type":"page","link":"https:\/\/turkakim.com.tr\/tr\/photo\/","title":{"rendered":"Galeri"},"content":{"rendered":"<div style=\"height:100px\" aria-hidden=\"true\" class=\"wp-block-spacer\"><\/div>\n\n\n\n<figure class=\"wp-block-gallery has-nested-images columns-default is-cropped wp-block-gallery-1 is-layout-flex wp-block-gallery-is-layout-flex\">\n<figure class=\"wp-block-image size-large\"><img loading=\"lazy\" decoding=\"async\" width=\"820\" height=\"460\" data-id=\"614\" src=\"https:\/\/turkakim.com.tr\/wp-content\/uploads\/2024\/03\/technical-description-image.gif\" alt=\"\" class=\"wp-image-614\"\/><\/figure>\n\n\n\n<figure class=\"wp-block-image size-large\"><img loading=\"lazy\" decoding=\"async\" width=\"600\" height=\"600\" data-id=\"562\" src=\"https:\/\/turkakim.com.tr\/wp-content\/uploads\/2024\/03\/about-us-image.jpg\" alt=\"\" class=\"wp-image-562\" srcset=\"https:\/\/turkakim.com.tr\/wp-content\/uploads\/2024\/03\/about-us-image.jpg 600w, https:\/\/turkakim.com.tr\/wp-content\/uploads\/2024\/03\/about-us-image-300x300.jpg 300w, https:\/\/turkakim.com.tr\/wp-content\/uploads\/2024\/03\/about-us-image-150x150.jpg 150w, https:\/\/turkakim.com.tr\/wp-content\/uploads\/2024\/03\/about-us-image-12x12.jpg 12w\" sizes=\"(max-width: 600px) 100vw, 600px\" \/><\/figure>\n\n\n\n<figure class=\"wp-block-image size-large\"><img loading=\"lazy\" decoding=\"async\" width=\"1024\" height=\"768\" data-id=\"498\" src=\"https:\/\/turkakim.com.tr\/wp-content\/uploads\/2024\/03\/3.jpeg\" alt=\"\" class=\"wp-image-498\" srcset=\"https:\/\/turkakim.com.tr\/wp-content\/uploads\/2024\/03\/3.jpeg 1024w, https:\/\/turkakim.com.tr\/wp-content\/uploads\/2024\/03\/3-300x225.jpeg 300w, https:\/\/turkakim.com.tr\/wp-content\/uploads\/2024\/03\/3-768x576.jpeg 768w\" sizes=\"(max-width: 1024px) 100vw, 1024px\" \/><\/figure>\n\n\n\n<figure class=\"wp-block-image size-large\"><img loading=\"lazy\" decoding=\"async\" width=\"1024\" height=\"576\" data-id=\"500\" src=\"https:\/\/turkakim.com.tr\/wp-content\/uploads\/2024\/03\/DSCF2107-1024x576.jpg\" alt=\"\" class=\"wp-image-500\" srcset=\"https:\/\/turkakim.com.tr\/wp-content\/uploads\/2024\/03\/DSCF2107-1024x576.jpg 1024w, https:\/\/turkakim.com.tr\/wp-content\/uploads\/2024\/03\/DSCF2107-300x169.jpg 300w, https:\/\/turkakim.com.tr\/wp-content\/uploads\/2024\/03\/DSCF2107-768x432.jpg 768w, https:\/\/turkakim.com.tr\/wp-content\/uploads\/2024\/03\/DSCF2107-1536x864.jpg 1536w, https:\/\/turkakim.com.tr\/wp-content\/uploads\/2024\/03\/DSCF2107-2048x1152.jpg 2048w\" sizes=\"(max-width: 1024px) 100vw, 1024px\" \/><\/figure>\n\n\n\n<figure class=\"wp-block-image size-large\"><img loading=\"lazy\" decoding=\"async\" width=\"1024\" height=\"576\" data-id=\"501\" src=\"https:\/\/turkakim.com.tr\/wp-content\/uploads\/2024\/03\/S0035003-1024x576.jpg\" alt=\"\" class=\"wp-image-501\" srcset=\"https:\/\/turkakim.com.tr\/wp-content\/uploads\/2024\/03\/S0035003-1024x576.jpg 1024w, https:\/\/turkakim.com.tr\/wp-content\/uploads\/2024\/03\/S0035003-300x169.jpg 300w, https:\/\/turkakim.com.tr\/wp-content\/uploads\/2024\/03\/S0035003-768x432.jpg 768w, https:\/\/turkakim.com.tr\/wp-content\/uploads\/2024\/03\/S0035003-1536x864.jpg 1536w, https:\/\/turkakim.com.tr\/wp-content\/uploads\/2024\/03\/S0035003-2048x1152.jpg 2048w\" sizes=\"(max-width: 1024px) 100vw, 1024px\" \/><\/figure>\n\n\n\n<figure class=\"wp-block-image size-large\"><img loading=\"lazy\" decoding=\"async\" width=\"1024\" height=\"768\" data-id=\"502\" src=\"https:\/\/turkakim.com.tr\/wp-content\/uploads\/2024\/03\/WhatsApp-Image-2020-08-24-at-16.15.14-4.jpeg\" alt=\"\" class=\"wp-image-502\" srcset=\"https:\/\/turkakim.com.tr\/wp-content\/uploads\/2024\/03\/WhatsApp-Image-2020-08-24-at-16.15.14-4.jpeg 1024w, https:\/\/turkakim.com.tr\/wp-content\/uploads\/2024\/03\/WhatsApp-Image-2020-08-24-at-16.15.14-4-300x225.jpeg 300w, https:\/\/turkakim.com.tr\/wp-content\/uploads\/2024\/03\/WhatsApp-Image-2020-08-24-at-16.15.14-4-768x576.jpeg 768w\" sizes=\"(max-width: 1024px) 100vw, 1024px\" \/><\/figure>\n\n\n\n<figure class=\"wp-block-image size-large\"><img loading=\"lazy\" decoding=\"async\" width=\"1024\" height=\"576\" data-id=\"503\" src=\"https:\/\/turkakim.com.tr\/wp-content\/uploads\/2024\/03\/YUN00971-1024x576.jpg\" alt=\"\" class=\"wp-image-503\" srcset=\"https:\/\/turkakim.com.tr\/wp-content\/uploads\/2024\/03\/YUN00971-1024x576.jpg 1024w, https:\/\/turkakim.com.tr\/wp-content\/uploads\/2024\/03\/YUN00971-300x169.jpg 300w, https:\/\/turkakim.com.tr\/wp-content\/uploads\/2024\/03\/YUN00971-768x432.jpg 768w, https:\/\/turkakim.com.tr\/wp-content\/uploads\/2024\/03\/YUN00971-1536x864.jpg 1536w, https:\/\/turkakim.com.tr\/wp-content\/uploads\/2024\/03\/YUN00971.jpg 1920w\" sizes=\"(max-width: 1024px) 100vw, 1024px\" \/><\/figure>\n\n\n\n<figure class=\"wp-block-image size-large\"><img loading=\"lazy\" decoding=\"async\" width=\"1024\" height=\"576\" data-id=\"378\" src=\"https:\/\/turkakim.com.tr\/wp-content\/uploads\/2024\/03\/TurkAkim-Gaz-Tasima-AS-1-1024x576.jpg\" alt=\"\" class=\"wp-image-378\" srcset=\"https:\/\/turkakim.com.tr\/wp-content\/uploads\/2024\/03\/TurkAkim-Gaz-Tasima-AS-1-1024x576.jpg 1024w, https:\/\/turkakim.com.tr\/wp-content\/uploads\/2024\/03\/TurkAkim-Gaz-Tasima-AS-1-300x169.jpg 300w, https:\/\/turkakim.com.tr\/wp-content\/uploads\/2024\/03\/TurkAkim-Gaz-Tasima-AS-1-768x432.jpg 768w, https:\/\/turkakim.com.tr\/wp-content\/uploads\/2024\/03\/TurkAkim-Gaz-Tasima-AS-1.jpg 1366w\" sizes=\"(max-width: 1024px) 100vw, 1024px\" \/><\/figure>\n<\/figure>\n\n\n\n<div style=\"height:100px\" aria-hidden=\"true\" class=\"wp-block-spacer\"><\/div>","protected":false},"excerpt":{"rendered":"","protected":false},"author":1,"featured_media":0,"parent":0,"menu_order":0,"comment_status":"closed","ping_status":"closed","template":"","meta":{"_uag_custom_page_level_css":"","neve_meta_sidebar":"","neve_meta_container":"","neve_meta_enable_content_width":"","neve_meta_content_width":0,"neve_meta_title_alignment":"","neve_meta_author_avatar":"","neve_post_elements_order":"","neve_meta_disable_header":"","neve_meta_disable_footer":"","neve_meta_disable_title":"","footnotes":""},"yoast_head":"<!-- This site is optimized with the Yoast SEO plugin v24.5 - https:\/\/yoast.com\/wordpress\/plugins\/seo\/ -->\n<title>Photos - T&uuml;rkAk\u0131m<\/title>\n<meta name=\"description\" content=\"T\u00fcrkAk\u0131m Gaz Ta\u015f\u0131ma A.\u015e. Photos\" \/>\n<meta name=\"robots\" content=\"index, follow, max-snippet:-1, max-image-preview:large, max-video-preview:-1\" \/>\n<link rel=\"canonical\" href=\"https:\/\/turkakim.com.tr\/tr\/photo\/\" \/>\n<meta property=\"og:locale\" content=\"tr_TR\" \/>\n<meta property=\"og:type\" content=\"article\" \/>\n<meta property=\"og:title\" content=\"Photos - T&uuml;rkAk\u0131m\" \/>\n<meta property=\"og:description\" content=\"T\u00fcrkAk\u0131m Gaz Ta\u015f\u0131ma A.\u015e. Photos\" \/>\n<meta property=\"og:url\" content=\"https:\/\/turkakim.com.tr\/tr\/photo\/\" \/>\n<meta property=\"og:site_name\" content=\"T&uuml;rkAk\u0131m\" \/>\n<meta property=\"article:modified_time\" content=\"2024-05-24T17:55:26+00:00\" \/>\n<meta property=\"og:image\" content=\"https:\/\/turkakim.com.tr\/wp-content\/uploads\/2024\/03\/technical-description-image.gif\" \/>\n<meta name=\"twitter:card\" content=\"summary_large_image\" \/>\n<meta name=\"twitter:label1\" content=\"Tahmini okuma s\u00fcresi\" \/>\n\t<meta name=\"twitter:data1\" content=\"2 dakika\" \/>\n<script type=\"application\/ld+json\" class=\"yoast-schema-graph\">{\"@context\":\"https:\/\/schema.org\",\"@graph\":[{\"@type\":\"WebPage\",\"@id\":\"https:\/\/turkakim.com.tr\/photo\/\",\"url\":\"https:\/\/turkakim.com.tr\/photo\/\",\"name\":\"Photos - T&uuml;rkAk\u0131m\",\"isPartOf\":{\"@id\":\"https:\/\/turkakim.com.tr\/#website\"},\"primaryImageOfPage\":{\"@id\":\"https:\/\/turkakim.com.tr\/photo\/#primaryimage\"},\"image\":{\"@id\":\"https:\/\/turkakim.com.tr\/photo\/#primaryimage\"},\"thumbnailUrl\":\"https:\/\/turkakim.com.tr\/wp-content\/uploads\/2024\/03\/technical-description-image.gif\",\"datePublished\":\"2024-03-28T00:17:06+00:00\",\"dateModified\":\"2024-05-24T17:55:26+00:00\",\"description\":\"T\u00fcrkAk\u0131m Gaz Ta\u015f\u0131ma A.\u015e. Photos\",\"breadcrumb\":{\"@id\":\"https:\/\/turkakim.com.tr\/photo\/#breadcrumb\"},\"inLanguage\":\"tr\",\"potentialAction\":[{\"@type\":\"ReadAction\",\"target\":[\"https:\/\/turkakim.com.tr\/photo\/\"]}]},{\"@type\":\"ImageObject\",\"inLanguage\":\"tr\",\"@id\":\"https:\/\/turkakim.com.tr\/photo\/#primaryimage\",\"url\":\"https:\/\/turkakim.com.tr\/wp-content\/uploads\/2024\/03\/technical-description-image.gif\",\"contentUrl\":\"https:\/\/turkakim.com.tr\/wp-content\/uploads\/2024\/03\/technical-description-image.gif\"},{\"@type\":\"BreadcrumbList\",\"@id\":\"https:\/\/turkakim.com.tr\/photo\/#breadcrumb\",\"itemListElement\":[{\"@type\":\"ListItem\",\"position\":1,\"name\":\"Home\",\"item\":\"https:\/\/turkakim.com.tr\/\"},{\"@type\":\"ListItem\",\"position\":2,\"name\":\"Photos\"}]},{\"@type\":\"WebSite\",\"@id\":\"https:\/\/turkakim.com.tr\/#website\",\"url\":\"https:\/\/turkakim.com.tr\/\",\"name\":\"T\u00fcrkAk\u0131m Gaz Ta\u015f\u0131ma A.\u015e.\",\"description\":\"T&uuml;rkAk\u0131m Gaz Ta\u015f\u0131ma A.\u015e.\",\"publisher\":{\"@id\":\"https:\/\/turkakim.com.tr\/#organization\"},\"alternateName\":\"T\u00fcrkAk\u0131m Gaz Ta\u015f\u0131ma A.\u015e.\",\"potentialAction\":[{\"@type\":\"SearchAction\",\"target\":{\"@type\":\"EntryPoint\",\"urlTemplate\":\"https:\/\/turkakim.com.tr\/?s={search_term_string}\"},\"query-input\":{\"@type\":\"PropertyValueSpecification\",\"valueRequired\":true,\"valueName\":\"search_term_string\"}}],\"inLanguage\":\"tr\"},{\"@type\":\"Organization\",\"@id\":\"https:\/\/turkakim.com.tr\/#organization\",\"name\":\"T\u00fcrkAk\u0131m\",\"url\":\"https:\/\/turkakim.com.tr\/\",\"logo\":{\"@type\":\"ImageObject\",\"inLanguage\":\"tr\",\"@id\":\"https:\/\/turkakim.com.tr\/#\/schema\/logo\/image\/\",\"url\":\"https:\/\/turkakim.com.tr\/wp-content\/uploads\/2024\/04\/TurkAkim-Yatay_Logo.png\",\"contentUrl\":\"https:\/\/turkakim.com.tr\/wp-content\/uploads\/2024\/04\/TurkAkim-Yatay_Logo.png\",\"width\":1200,\"height\":675,\"caption\":\"T\u00fcrkAk\u0131m\"},\"image\":{\"@id\":\"https:\/\/turkakim.com.tr\/#\/schema\/logo\/image\/\"}}]}<\/script>\n<!-- \/ Yoast SEO plugin. -->","yoast_head_json":{"title":"Photos - T&uuml;rkAk\u0131m","description":"T\u00fcrkAk\u0131m Gaz Ta\u015f\u0131ma A.\u015e. Photos","robots":{"index":"index","follow":"follow","max-snippet":"max-snippet:-1","max-image-preview":"max-image-preview:large","max-video-preview":"max-video-preview:-1"},"canonical":"https:\/\/turkakim.com.tr\/tr\/photo\/","og_locale":"tr_TR","og_type":"article","og_title":"Photos - T&uuml;rkAk\u0131m","og_description":"T\u00fcrkAk\u0131m Gaz Ta\u015f\u0131ma A.\u015e. Photos","og_url":"https:\/\/turkakim.com.tr\/tr\/photo\/","og_site_name":"T&uuml;rkAk\u0131m","article_modified_time":"2024-05-24T17:55:26+00:00","og_image":[{"url":"https:\/\/turkakim.com.tr\/wp-content\/uploads\/2024\/03\/technical-description-image.gif","type":"","width":"","height":""}],"twitter_card":"summary_large_image","twitter_misc":{"Tahmini okuma s\u00fcresi":"2 dakika"},"schema":{"@context":"https:\/\/schema.org","@graph":[{"@type":"WebPage","@id":"https:\/\/turkakim.com.tr\/photo\/","url":"https:\/\/turkakim.com.tr\/photo\/","name":"Photos - T&uuml;rkAk\u0131m","isPartOf":{"@id":"https:\/\/turkakim.com.tr\/#website"},"primaryImageOfPage":{"@id":"https:\/\/turkakim.com.tr\/photo\/#primaryimage"},"image":{"@id":"https:\/\/turkakim.com.tr\/photo\/#primaryimage"},"thumbnailUrl":"https:\/\/turkakim.com.tr\/wp-content\/uploads\/2024\/03\/technical-description-image.gif","datePublished":"2024-03-28T00:17:06+00:00","dateModified":"2024-05-24T17:55:26+00:00","description":"T\u00fcrkAk\u0131m Gaz Ta\u015f\u0131ma A.\u015e. Photos","breadcrumb":{"@id":"https:\/\/turkakim.com.tr\/photo\/#breadcrumb"},"inLanguage":"tr","potentialAction":[{"@type":"ReadAction","target":["https:\/\/turkakim.com.tr\/photo\/"]}]},{"@type":"ImageObject","inLanguage":"tr","@id":"https:\/\/turkakim.com.tr\/photo\/#primaryimage","url":"https:\/\/turkakim.com.tr\/wp-content\/uploads\/2024\/03\/technical-description-image.gif","contentUrl":"https:\/\/turkakim.com.tr\/wp-content\/uploads\/2024\/03\/technical-description-image.gif"},{"@type":"BreadcrumbList","@id":"https:\/\/turkakim.com.tr\/photo\/#breadcrumb","itemListElement":[{"@type":"ListItem","position":1,"name":"Home","item":"https:\/\/turkakim.com.tr\/"},{"@type":"ListItem","position":2,"name":"Photos"}]},{"@type":"WebSite","@id":"https:\/\/turkakim.com.tr\/#website","url":"https:\/\/turkakim.com.tr\/","name":"T\u00fcrkAk\u0131m Gaz Ta\u015f\u0131ma A.\u015e.","description":"T&uuml;rkAk\u0131m Gaz Ta\u015f\u0131ma A.\u015e.","publisher":{"@id":"https:\/\/turkakim.com.tr\/#organization"},"alternateName":"T\u00fcrkAk\u0131m Gaz Ta\u015f\u0131ma A.\u015e.","potentialAction":[{"@type":"SearchAction","target":{"@type":"EntryPoint","urlTemplate":"https:\/\/turkakim.com.tr\/?s={search_term_string}"},"query-input":{"@type":"PropertyValueSpecification","valueRequired":true,"valueName":"search_term_string"}}],"inLanguage":"tr"},{"@type":"Organization","@id":"https:\/\/turkakim.com.tr\/#organization","name":"T\u00fcrkAk\u0131m","url":"https:\/\/turkakim.com.tr\/","logo":{"@type":"ImageObject","inLanguage":"tr","@id":"https:\/\/turkakim.com.tr\/#\/schema\/logo\/image\/","url":"https:\/\/turkakim.com.tr\/wp-content\/uploads\/2024\/04\/TurkAkim-Yatay_Logo.png","contentUrl":"https:\/\/turkakim.com.tr\/wp-content\/uploads\/2024\/04\/TurkAkim-Yatay_Logo.png","width":1200,"height":675,"caption":"T\u00fcrkAk\u0131m"},"image":{"@id":"https:\/\/turkakim.com.tr\/#\/schema\/logo\/image\/"}}]}},"uagb_featured_image_src":{"full":false,"thumbnail":false,"medium":false,"medium_large":false,"large":false,"1536x1536":false,"2048x2048":false,"trp-custom-language-flag":false,"neve-blog":false},"uagb_author_info":{"display_name":"admin","author_link":"https:\/\/turkakim.com.tr\/tr\/author\/admin\/"},"uagb_comment_info":0,"uagb_excerpt":null,"_links":{"self":[{"href":"https:\/\/turkakim.com.tr\/tr\/wp-json\/wp\/v2\/pages\/489"}],"collection":[{"href":"https:\/\/turkakim.com.tr\/tr\/wp-json\/wp\/v2\/pages"}],"about":[{"href":"https:\/\/turkakim.com.tr\/tr\/wp-json\/wp\/v2\/types\/page"}],"author":[{"embeddable":true,"href":"https:\/\/turkakim.com.tr\/tr\/wp-json\/wp\/v2\/users\/1"}],"replies":[{"embeddable":true,"href":"https:\/\/turkakim.com.tr\/tr\/wp-json\/wp\/v2\/comments?post=489"}],"version-history":[{"count":14,"href":"https:\/\/turkakim.com.tr\/tr\/wp-json\/wp\/v2\/pages\/489\/revisions"}],"predecessor-version":[{"id":775,"href":"https:\/\/turkakim.com.tr\/tr\/wp-json\/wp\/v2\/pages\/489\/revisions\/775"}],"wp:attachment":[{"href":"https:\/\/turkakim.com.tr\/tr\/wp-json\/wp\/v2\/media?parent=489"}],"curies":[{"name":"wp","href":"https:\/\/api.w.org\/{rel}","templated":true}]}}